{"id":49473,"date":"2023-12-12T12:31:14","date_gmt":"2023-12-12T11:31:14","guid":{"rendered":"https:\/\/pet-shopping.de\/shop\/produkt\/trixie-spieltau-65-cm\/"},"modified":"2023-12-12T12:31:18","modified_gmt":"2023-12-12T11:31:18","slug":"trixie-spieltau-65-cm","status":"publish","type":"product","link":"https:\/\/all-pets.de\/shop\/produkt\/trixie-spieltau-65-cm\/","title":{"rendered":"Trixie Spieltau &#8211; 65 cm"},"content":{"rendered":"<ul>\n<li>Baumwolle\/Polyester<\/li>\n<li>Ma\u00dfe: ca. 65 cm<\/li>\n<li>diverse Farben (Eine Farbwahl ist leider nicht m\u00f6glich, da die Farbe je nach Lagerbestand gew\u00e4hlt wird.)<\/li>\n<\/ul>\n","protected":false},"excerpt":{"rendered":"<p>Baumwolle\/Polyester Ma\u00dfe: ca. 65 cm diverse Farben (Eine Farbwahl ist leider nicht m\u00f6glich, da die Farbe je nach Lagerbestand gew\u00e4hlt wird.)<\/p>\n","protected":false},"featured_media":49474,"comment_status":"closed","ping_status":"open","template":"","meta":[],"product_cat":[14702],"product_tag":[],"class_list":{"0":"post-49473","1":"product","2":"type-product","3":"status-publish","4":"has-post-thumbnail","6":"product_cat-baumwoll-spielzeug-hundespielzeug-sport","8":"first","9":"instock","10":"taxable","11":"shipping-taxable","12":"purchasable","13":"product-type-simple"},"_links":{"self":[{"href":"https:\/\/all-pets.de\/shop\/wp-json\/wp\/v2\/product\/49473","targetHints":{"allow":["GET"]}}],"collection":[{"href":"https:\/\/all-pets.de\/shop\/wp-json\/wp\/v2\/product"}],"about":[{"href":"https:\/\/all-pets.de\/shop\/wp-json\/wp\/v2\/types\/product"}],"replies":[{"embeddable":true,"href":"https:\/\/all-pets.de\/shop\/wp-json\/wp\/v2\/comments?post=49473"}],"wp:featuredmedia":[{"embeddable":true,"href":"https:\/\/all-pets.de\/shop\/wp-json\/wp\/v2\/media\/49474"}],"wp:attachment":[{"href":"https:\/\/all-pets.de\/shop\/wp-json\/wp\/v2\/media?parent=49473"}],"wp:term":[{"taxonomy":"product_cat","embeddable":true,"href":"https:\/\/all-pets.de\/shop\/wp-json\/wp\/v2\/product_cat?post=49473"},{"taxonomy":"product_tag","embeddable":true,"href":"https:\/\/all-pets.de\/shop\/wp-json\/wp\/v2\/product_tag?post=49473"}],"curies":[{"name":"wp","href":"https:\/\/api.w.org\/{rel}","templated":true}]}}