{"id":49477,"date":"2023-12-12T12:31:14","date_gmt":"2023-12-12T11:31:14","guid":{"rendered":"https:\/\/pet-shopping.de\/shop\/produkt\/wildes-land-trainingssticks-ente-70g\/"},"modified":"2023-12-12T12:31:18","modified_gmt":"2023-12-12T11:31:18","slug":"wildes-land-trainingssticks-ente-70g","status":"publish","type":"product","link":"https:\/\/all-pets.de\/shop\/produkt\/wildes-land-trainingssticks-ente-70g\/","title":{"rendered":"Wildes Land Trainingssticks Ente 70g"},"content":{"rendered":"<p>Wildes Land &#8211; Hundesnack &#8211; Trainingssticks Ente 70g<\/p>\n<p>Die Trainingssticks Ente von Wildes Land basieren auf der Urspr\u00fcnglichkeit der Natur. Sie sind frei von Getreide und Gluten und dadurch auch f\u00fcr ern\u00e4hrungssensible Hunde geeignet. Als Fleischquelle enthalten die Wildes Land Trainingssticks ausschlie\u00dflich Ente und erfreuen sich daher besonders gro\u00dfer Akzeptanz. Auch beim Snack zwischendurch ist es wichtig, auf Qualit\u00e4t und Inhaltsstoffe zu achten. Alle Produkte von Wildes Land sind frei von Farb-, Aroma- und Konservierungsstoffen. Zudem werden die Snacks ausnahmslos ohne Tierversuche entwickelt und produziert. F\u00fcr ein erfolgreiches Hundetraining ist die positive Best\u00e4rkung von gew\u00fcnschtem Verhalten essenziell auf dem Weg zum Ziel. Snacks sind daher ein wichtiger Bestandteil im Alltag mit Ihrem Liebling und geben Ihnen die M\u00f6glichkeit, die innige Beziehung zwischen Mensch und Tier weiter zu st\u00e4rken.<\/p>\n<p>Der praktische Beutel mit Klettverschluss eignet sich ideal f\u00fcr das Hundetraining unterwegs. Mit den Wildes Land Trainingssticks bekommt Ihr Liebling eine artgerechte Belohnung, die sich f\u00fcr Hunde aller Altersstufen eignet.<\/p>\n<p>Die Trainingssnacks Ente 70 g von Wildes Land im \u00dcberblick:<\/p>\n<p>\u00a0\u00a0\u00a0\u00a0\u00a0\u00a0\u00a0 95 % Fleischanteil<br \/>\u00a0\u00a0\u00a0\u00a0\u00a0\u00a0\u00a0 Getreidefreie Rezeptur<br \/>\u00a0\u00a0\u00a0\u00a0\u00a0\u00a0\u00a0 Hohe Akzeptanz<br \/>\u00a0\u00a0\u00a0\u00a0\u00a0\u00a0\u00a0 Monoprotein <br \/>\u00a0\u00a0\u00a0\u00a0\u00a0\u00a0\u00a0 Frei von Zucker, Farb-, Aroma- und Konservierungsstoffen<br \/>\u00a0\u00a0\u00a0\u00a0\u00a0\u00a0\u00a0 Ideal f\u00fcr unterwegs<br \/>\u00a0\u00a0\u00a0\u00a0\u00a0\u00a0\u00a0 Im praktischen Beutel mit Klettverschluss<\/p>\n<p>Zusammensetzung<\/p>\n<p>95% Fleischerzeugnis vom Ente, 3% nat\u00fcrliches pflanzliches Glycerin, 1,4% Erbsenfaser, 0,6% Mineralstoffe.<br \/>Analytische Bestandteile<\/p>\n<p>Rohprotein 41,8 %, Rohfett 23,8 %, Rohfaser 1,3 %, Rohasche 12,1 %, Feuchtigkeit 12,3 %.<\/p>\n","protected":false},"excerpt":{"rendered":"<p>Wildes Land &#8211; Hundesnack &#8211; Trainingssticks Ente 70g Die Trainingssticks Ente von Wildes Land basieren auf der Urspr\u00fcnglichkeit der Natur. Sie sind frei von Getreide und Gluten und dadurch auch f\u00fcr ern\u00e4hrungssensible Hunde geeignet. Als Fleischquelle enthalten die Wildes Land Trainingssticks ausschlie\u00dflich Ente und erfreuen sich daher besonders gro\u00dfer Akzeptanz. Auch beim Snack zwischendurch ist [&hellip;]<\/p>\n","protected":false},"featured_media":49478,"comment_status":"closed","ping_status":"open","template":"","meta":[],"product_cat":[15221],"product_tag":[],"class_list":{"0":"post-49477","1":"product","2":"type-product","3":"status-publish","4":"has-post-thumbnail","6":"product_cat-wildes-land","8":"first","9":"instock","10":"taxable","11":"shipping-taxable","12":"purchasable","13":"product-type-simple"},"_links":{"self":[{"href":"https:\/\/all-pets.de\/shop\/wp-json\/wp\/v2\/product\/49477","targetHints":{"allow":["GET"]}}],"collection":[{"href":"https:\/\/all-pets.de\/shop\/wp-json\/wp\/v2\/product"}],"about":[{"href":"https:\/\/all-pets.de\/shop\/wp-json\/wp\/v2\/types\/product"}],"replies":[{"embeddable":true,"href":"https:\/\/all-pets.de\/shop\/wp-json\/wp\/v2\/comments?post=49477"}],"wp:featuredmedia":[{"embeddable":true,"href":"https:\/\/all-pets.de\/shop\/wp-json\/wp\/v2\/media\/49478"}],"wp:attachment":[{"href":"https:\/\/all-pets.de\/shop\/wp-json\/wp\/v2\/media?parent=49477"}],"wp:term":[{"taxonomy":"product_cat","embeddable":true,"href":"https:\/\/all-pets.de\/shop\/wp-json\/wp\/v2\/product_cat?post=49477"},{"taxonomy":"product_tag","embeddable":true,"href":"https:\/\/all-pets.de\/shop\/wp-json\/wp\/v2\/product_tag?post=49477"}],"curies":[{"name":"wp","href":"https:\/\/api.w.org\/{rel}","templated":true}]}}