{"id":49483,"date":"2023-12-12T12:31:14","date_gmt":"2023-12-12T11:31:14","guid":{"rendered":"https:\/\/pet-shopping.de\/shop\/produkt\/natuerlich-pfiffikus-muesli-mix-mit-insekten-25kg\/"},"modified":"2023-12-12T12:31:19","modified_gmt":"2023-12-12T11:31:19","slug":"natuerlich-pfiffikus-muesli-mix-mit-insekten-25kg","status":"publish","type":"product","link":"https:\/\/all-pets.de\/shop\/produkt\/natuerlich-pfiffikus-muesli-mix-mit-insekten-25kg\/","title":{"rendered":"Nat\u00fcrlich Pfiffikus M\u00fcsli-Mix mit Insekten 2,5kg"},"content":{"rendered":"<p>Der M\u00fcsli-Mix ist nicht nur ein perfektes Fr\u00fchst\u00fcck f\u00fcr Wild- und Gartenv\u00f6gel, sondern ein perfektes Ganzjahresfutter. Angereichert mit Insekten ist das Streufutter sehr schmackhaft und zugleich ein echter Energielieferant das ganze Jahr \u00fcber.<\/p>\n<p>Besonders geeignet f\u00fcr Weichfutter- und K\u00f6rnerfresser wie z. B. Kleiber, Meise, Specht u. v. a.<\/p>\n<p>Inhaltsstoffe:<\/p>\n<div role=\"tabpanel\" class=\"tab-pane active\" id=\"prod_short_desc\">\n<div itemprop=\"description\">Getreide, N\u00fcsse, Beeren, 4 % Insekten, \u00d6le und Fette<\/div>\n<\/div>\n","protected":false},"excerpt":{"rendered":"<p>Der M\u00fcsli-Mix ist nicht nur ein perfektes Fr\u00fchst\u00fcck f\u00fcr Wild- und Gartenv\u00f6gel, sondern ein perfektes Ganzjahresfutter. Angereichert mit Insekten ist das Streufutter sehr schmackhaft und zugleich ein echter Energielieferant das ganze Jahr \u00fcber. Besonders geeignet f\u00fcr Weichfutter- und K\u00f6rnerfresser wie z. B. Kleiber, Meise, Specht u. v. a. Inhaltsstoffe: Getreide, N\u00fcsse, Beeren, 4 % Insekten, [&hellip;]<\/p>\n","protected":false},"featured_media":49484,"comment_status":"closed","ping_status":"open","template":"","meta":[],"product_cat":[14448],"product_tag":[],"class_list":{"0":"post-49483","1":"product","2":"type-product","3":"status-publish","4":"has-post-thumbnail","6":"product_cat-futter-mischungen","8":"first","9":"instock","10":"taxable","11":"shipping-taxable","12":"purchasable","13":"product-type-simple"},"_links":{"self":[{"href":"https:\/\/all-pets.de\/shop\/wp-json\/wp\/v2\/product\/49483","targetHints":{"allow":["GET"]}}],"collection":[{"href":"https:\/\/all-pets.de\/shop\/wp-json\/wp\/v2\/product"}],"about":[{"href":"https:\/\/all-pets.de\/shop\/wp-json\/wp\/v2\/types\/product"}],"replies":[{"embeddable":true,"href":"https:\/\/all-pets.de\/shop\/wp-json\/wp\/v2\/comments?post=49483"}],"wp:featuredmedia":[{"embeddable":true,"href":"https:\/\/all-pets.de\/shop\/wp-json\/wp\/v2\/media\/49484"}],"wp:attachment":[{"href":"https:\/\/all-pets.de\/shop\/wp-json\/wp\/v2\/media?parent=49483"}],"wp:term":[{"taxonomy":"product_cat","embeddable":true,"href":"https:\/\/all-pets.de\/shop\/wp-json\/wp\/v2\/product_cat?post=49483"},{"taxonomy":"product_tag","embeddable":true,"href":"https:\/\/all-pets.de\/shop\/wp-json\/wp\/v2\/product_tag?post=49483"}],"curies":[{"name":"wp","href":"https:\/\/api.w.org\/{rel}","templated":true}]}}