{"id":49491,"date":"2023-12-12T12:31:21","date_gmt":"2023-12-12T11:31:21","guid":{"rendered":"https:\/\/pet-shopping.de\/shop\/produkt\/natuerlich-pfiffikus-maxi-vogelknoedel-3-stueck\/"},"modified":"2023-12-12T12:31:22","modified_gmt":"2023-12-12T11:31:22","slug":"natuerlich-pfiffikus-maxi-vogelknoedel-3-stueck","status":"publish","type":"product","link":"https:\/\/all-pets.de\/shop\/produkt\/natuerlich-pfiffikus-maxi-vogelknoedel-3-stueck\/","title":{"rendered":"Nat\u00fcrlich Pfiffikus Maxi-Vogelkn\u00f6del &#8211; 3 St\u00fcck"},"content":{"rendered":"<p>Der Maxi-Vogelkn\u00f6del von Nat\u00fcrlich Pfiffikus, jetzt gibt es den beliebten Vogelkn\u00f6del von Nat\u00fcrlich Pfiffikus auch in unterschiedlichen Gr\u00f6\u00dfen. Hier bieten wir Ihnen den Maxi-Vogelkn\u00f6del in einer Verpackung zu 3 St\u00fcck an.<\/p>\n<p>Alle Vogelkn\u00f6del der Marke Nat\u00fcrlich Pfiffikus sind ohne Netz hergestellt und praktisch im passenden Futterspender zu verf\u00fcttern. Das ist nachhaltig und schont die Umwelt.<\/p>\n<p>Inhaltsstoffe:<\/p>\n<p>Getreide, \u00d6le und Fette, Saaten, N\u00fcsse, Mineralstoffe<\/p>\n","protected":false},"excerpt":{"rendered":"<p>Der Maxi-Vogelkn\u00f6del von Nat\u00fcrlich Pfiffikus, jetzt gibt es den beliebten Vogelkn\u00f6del von Nat\u00fcrlich Pfiffikus auch in unterschiedlichen Gr\u00f6\u00dfen. Hier bieten wir Ihnen den Maxi-Vogelkn\u00f6del in einer Verpackung zu 3 St\u00fcck an. Alle Vogelkn\u00f6del der Marke Nat\u00fcrlich Pfiffikus sind ohne Netz hergestellt und praktisch im passenden Futterspender zu verf\u00fcttern. Das ist nachhaltig und schont die Umwelt. [&hellip;]<\/p>\n","protected":false},"featured_media":49492,"comment_status":"closed","ping_status":"open","template":"","meta":[],"product_cat":[15218],"product_tag":[],"class_list":{"0":"post-49491","1":"product","2":"type-product","3":"status-publish","4":"has-post-thumbnail","6":"product_cat-natuerlich-pfiffikus-gartenvogelfutter","8":"first","9":"instock","10":"taxable","11":"shipping-taxable","12":"purchasable","13":"product-type-simple"},"_links":{"self":[{"href":"https:\/\/all-pets.de\/shop\/wp-json\/wp\/v2\/product\/49491","targetHints":{"allow":["GET"]}}],"collection":[{"href":"https:\/\/all-pets.de\/shop\/wp-json\/wp\/v2\/product"}],"about":[{"href":"https:\/\/all-pets.de\/shop\/wp-json\/wp\/v2\/types\/product"}],"replies":[{"embeddable":true,"href":"https:\/\/all-pets.de\/shop\/wp-json\/wp\/v2\/comments?post=49491"}],"wp:featuredmedia":[{"embeddable":true,"href":"https:\/\/all-pets.de\/shop\/wp-json\/wp\/v2\/media\/49492"}],"wp:attachment":[{"href":"https:\/\/all-pets.de\/shop\/wp-json\/wp\/v2\/media?parent=49491"}],"wp:term":[{"taxonomy":"product_cat","embeddable":true,"href":"https:\/\/all-pets.de\/shop\/wp-json\/wp\/v2\/product_cat?post=49491"},{"taxonomy":"product_tag","embeddable":true,"href":"https:\/\/all-pets.de\/shop\/wp-json\/wp\/v2\/product_tag?post=49491"}],"curies":[{"name":"wp","href":"https:\/\/api.w.org\/{rel}","templated":true}]}}