{"id":49493,"date":"2023-12-12T12:31:21","date_gmt":"2023-12-12T11:31:21","guid":{"rendered":"https:\/\/pet-shopping.de\/shop\/produkt\/pfiffikus-maxi-vogelknoedel-spenderbox\/"},"modified":"2023-12-12T12:31:22","modified_gmt":"2023-12-12T11:31:22","slug":"pfiffikus-maxi-vogelknoedel-spenderbox","status":"publish","type":"product","link":"https:\/\/all-pets.de\/shop\/produkt\/pfiffikus-maxi-vogelknoedel-spenderbox\/","title":{"rendered":"Pfiffikus Maxi-Vogelkn\u00f6del Spenderbox"},"content":{"rendered":"<p>Mit der Spenderbox f\u00fcr 2 Maxi-Vogelkn\u00f6del k\u00f6nnen Sie problemlos die Maxi-Meisenkn\u00f6del von Pfiffikus oder Nat\u00fcrlich Pfiffikus ohne Netz verf\u00fcttern und immer wieder auff\u00fcllen.Die Spenderbox ist einfach in der Anwendung und f\u00fcr freilebende Wildv\u00f6gel praktisch zum Greifen. Sie ist korrosionsgesch\u00fctzt und dadurch entsteht keine Verletzungsgefahr.<\/p>\n<p>&#8211; f\u00fcr 2 Meisenkn\u00f6del ohne Netz<br \/>&#8211; auch f\u00fcr Nat\u00fcrlich Pfiffikus geeignet<br \/>&#8211; Ma\u00dfe: 85 x 170 mm (BxH)<\/p>\n","protected":false},"excerpt":{"rendered":"<p>Mit der Spenderbox f\u00fcr 2 Maxi-Vogelkn\u00f6del k\u00f6nnen Sie problemlos die Maxi-Meisenkn\u00f6del von Pfiffikus oder Nat\u00fcrlich Pfiffikus ohne Netz verf\u00fcttern und immer wieder auff\u00fcllen.Die Spenderbox ist einfach in der Anwendung und f\u00fcr freilebende Wildv\u00f6gel praktisch zum Greifen. Sie ist korrosionsgesch\u00fctzt und dadurch entsteht keine Verletzungsgefahr. &#8211; f\u00fcr 2 Meisenkn\u00f6del ohne Netz&#8211; auch f\u00fcr Nat\u00fcrlich Pfiffikus geeignet&#8211; [&hellip;]<\/p>\n","protected":false},"featured_media":49494,"comment_status":"closed","ping_status":"open","template":"","meta":[],"product_cat":[15226],"product_tag":[],"class_list":{"0":"post-49493","1":"product","2":"type-product","3":"status-publish","4":"has-post-thumbnail","6":"product_cat-natuerlich-pfiffikus-gartenvogelfutter-futterhaeuser-nistkaestenvogelwelt-knoedelvogelwelt-gartenvogelfutter","8":"first","9":"instock","10":"taxable","11":"shipping-taxable","12":"purchasable","13":"product-type-simple"},"_links":{"self":[{"href":"https:\/\/all-pets.de\/shop\/wp-json\/wp\/v2\/product\/49493","targetHints":{"allow":["GET"]}}],"collection":[{"href":"https:\/\/all-pets.de\/shop\/wp-json\/wp\/v2\/product"}],"about":[{"href":"https:\/\/all-pets.de\/shop\/wp-json\/wp\/v2\/types\/product"}],"replies":[{"embeddable":true,"href":"https:\/\/all-pets.de\/shop\/wp-json\/wp\/v2\/comments?post=49493"}],"wp:featuredmedia":[{"embeddable":true,"href":"https:\/\/all-pets.de\/shop\/wp-json\/wp\/v2\/media\/49494"}],"wp:attachment":[{"href":"https:\/\/all-pets.de\/shop\/wp-json\/wp\/v2\/media?parent=49493"}],"wp:term":[{"taxonomy":"product_cat","embeddable":true,"href":"https:\/\/all-pets.de\/shop\/wp-json\/wp\/v2\/product_cat?post=49493"},{"taxonomy":"product_tag","embeddable":true,"href":"https:\/\/all-pets.de\/shop\/wp-json\/wp\/v2\/product_tag?post=49493"}],"curies":[{"name":"wp","href":"https:\/\/api.w.org\/{rel}","templated":true}]}}