{"id":49495,"date":"2023-12-12T12:31:21","date_gmt":"2023-12-12T11:31:21","guid":{"rendered":"https:\/\/pet-shopping.de\/shop\/produkt\/natuerlich-pfiffikus-riesenknoedel-2-stueck\/"},"modified":"2023-12-12T12:31:23","modified_gmt":"2023-12-12T11:31:23","slug":"natuerlich-pfiffikus-riesenknoedel-2-stueck","status":"publish","type":"product","link":"https:\/\/all-pets.de\/shop\/produkt\/natuerlich-pfiffikus-riesenknoedel-2-stueck\/","title":{"rendered":"Nat\u00fcrlich Pfiffikus Riesenkn\u00f6del &#8211; 2 St\u00fcck"},"content":{"rendered":"<p>&#8211; 2 St\u00fcck<br \/>&#8211; nat\u00fcrlich ohne Netz<br \/>\u00a0&#8211; reich an Proteinen<\/p>\n<p><b><\/b>Alle Vogelkn\u00f6del der Marke Nat\u00fcrlich Pfiffikus sind ohne Netz hergestellt und praktisch im passenden Futterspender zu verf\u00fcttern. Das ist nachhaltig und schont die Umwelt.<\/p>\n<p>Inhaltsstoffe:<\/p>\n<div role=\"tabpanel\" class=\"tab-pane active\" id=\"prod_short_desc\">\n<div itemprop=\"description\">Getreide, \u00d6le und Fette, Saaten, N\u00fcsse, Beeren, Mineralstoffe<\/div>\n<\/div>\n","protected":false},"excerpt":{"rendered":"<p>&#8211; 2 St\u00fcck&#8211; nat\u00fcrlich ohne Netz\u00a0&#8211; reich an Proteinen Alle Vogelkn\u00f6del der Marke Nat\u00fcrlich Pfiffikus sind ohne Netz hergestellt und praktisch im passenden Futterspender zu verf\u00fcttern. Das ist nachhaltig und schont die Umwelt. Inhaltsstoffe: Getreide, \u00d6le und Fette, Saaten, N\u00fcsse, Beeren, Mineralstoffe<\/p>\n","protected":false},"featured_media":49496,"comment_status":"closed","ping_status":"open","template":"","meta":[],"product_cat":[15218],"product_tag":[],"class_list":{"0":"post-49495","1":"product","2":"type-product","3":"status-publish","4":"has-post-thumbnail","6":"product_cat-natuerlich-pfiffikus-gartenvogelfutter","8":"first","9":"instock","10":"taxable","11":"shipping-taxable","12":"purchasable","13":"product-type-simple"},"_links":{"self":[{"href":"https:\/\/all-pets.de\/shop\/wp-json\/wp\/v2\/product\/49495","targetHints":{"allow":["GET"]}}],"collection":[{"href":"https:\/\/all-pets.de\/shop\/wp-json\/wp\/v2\/product"}],"about":[{"href":"https:\/\/all-pets.de\/shop\/wp-json\/wp\/v2\/types\/product"}],"replies":[{"embeddable":true,"href":"https:\/\/all-pets.de\/shop\/wp-json\/wp\/v2\/comments?post=49495"}],"wp:featuredmedia":[{"embeddable":true,"href":"https:\/\/all-pets.de\/shop\/wp-json\/wp\/v2\/media\/49496"}],"wp:attachment":[{"href":"https:\/\/all-pets.de\/shop\/wp-json\/wp\/v2\/media?parent=49495"}],"wp:term":[{"taxonomy":"product_cat","embeddable":true,"href":"https:\/\/all-pets.de\/shop\/wp-json\/wp\/v2\/product_cat?post=49495"},{"taxonomy":"product_tag","embeddable":true,"href":"https:\/\/all-pets.de\/shop\/wp-json\/wp\/v2\/product_tag?post=49495"}],"curies":[{"name":"wp","href":"https:\/\/api.w.org\/{rel}","templated":true}]}}