{"id":49497,"date":"2023-12-12T12:31:21","date_gmt":"2023-12-12T11:31:21","guid":{"rendered":"https:\/\/pet-shopping.de\/shop\/produkt\/karlie-sprinklermatte-splashy-130-cm\/"},"modified":"2023-12-12T12:31:23","modified_gmt":"2023-12-12T11:31:23","slug":"karlie-sprinklermatte-splashy-130-cm","status":"publish","type":"product","link":"https:\/\/all-pets.de\/shop\/produkt\/karlie-sprinklermatte-splashy-130-cm\/","title":{"rendered":"Karlie Sprinklermatte Splashy &#8211; 130 cm"},"content":{"rendered":"<p>Die Sprinklermatte verschafft Hunden an hei\u00dfen Tagen eine angenehme Abk\u00fchlung. Die robuste Matte ist am Rand mit verschiedenen kleinen \u00d6ffnungen ausgestattet, aus denen Wasser spritzt, sobald die Matte mithilfe des mitgelieferten Verbindungsst\u00fccks an einen Wasserschlauch angeschlossen wird. Der Hund braucht sich also nur auf auf die Matte legen und kann die k\u00fchlenden Wasserstrahlen genie\u00dfen.<\/p>\n<p><\/p>\n<p>Durchmesser: ca. 130 cm<\/p>\n<p>Farbe: Blau<\/p>\n","protected":false},"excerpt":{"rendered":"<p>Die Sprinklermatte verschafft Hunden an hei\u00dfen Tagen eine angenehme Abk\u00fchlung. Die robuste Matte ist am Rand mit verschiedenen kleinen \u00d6ffnungen ausgestattet, aus denen Wasser spritzt, sobald die Matte mithilfe des mitgelieferten Verbindungsst\u00fccks an einen Wasserschlauch angeschlossen wird. Der Hund braucht sich also nur auf auf die Matte legen und kann die k\u00fchlenden Wasserstrahlen genie\u00dfen. Durchmesser: [&hellip;]<\/p>\n","protected":false},"featured_media":49498,"comment_status":"closed","ping_status":"open","template":"","meta":[],"product_cat":[15227],"product_tag":[],"class_list":{"0":"post-49497","1":"product","2":"type-product","3":"status-publish","4":"has-post-thumbnail","6":"product_cat-aqua-spielzeug-hundespielzeug-sport-swimmingpoolshundewelt","8":"first","9":"instock","10":"taxable","11":"shipping-taxable","12":"purchasable","13":"product-type-simple"},"_links":{"self":[{"href":"https:\/\/all-pets.de\/shop\/wp-json\/wp\/v2\/product\/49497","targetHints":{"allow":["GET"]}}],"collection":[{"href":"https:\/\/all-pets.de\/shop\/wp-json\/wp\/v2\/product"}],"about":[{"href":"https:\/\/all-pets.de\/shop\/wp-json\/wp\/v2\/types\/product"}],"replies":[{"embeddable":true,"href":"https:\/\/all-pets.de\/shop\/wp-json\/wp\/v2\/comments?post=49497"}],"wp:featuredmedia":[{"embeddable":true,"href":"https:\/\/all-pets.de\/shop\/wp-json\/wp\/v2\/media\/49498"}],"wp:attachment":[{"href":"https:\/\/all-pets.de\/shop\/wp-json\/wp\/v2\/media?parent=49497"}],"wp:term":[{"taxonomy":"product_cat","embeddable":true,"href":"https:\/\/all-pets.de\/shop\/wp-json\/wp\/v2\/product_cat?post=49497"},{"taxonomy":"product_tag","embeddable":true,"href":"https:\/\/all-pets.de\/shop\/wp-json\/wp\/v2\/product_tag?post=49497"}],"curies":[{"name":"wp","href":"https:\/\/api.w.org\/{rel}","templated":true}]}}