{"id":49501,"date":"2023-12-12T12:31:21","date_gmt":"2023-12-12T11:31:21","guid":{"rendered":"https:\/\/pet-shopping.de\/shop\/produkt\/karlie-kratzbaum-argo-beige\/"},"modified":"2023-12-12T12:31:24","modified_gmt":"2023-12-12T11:31:24","slug":"karlie-kratzbaum-argo-beige","status":"publish","type":"product","link":"https:\/\/all-pets.de\/shop\/produkt\/karlie-kratzbaum-argo-beige\/","title":{"rendered":"Karlie Kratzbaum Argo &#8211; beige"},"content":{"rendered":"<p>Der Karlie Kratzbaum Argo ist eine praktische Schlaf- und Kratzm\u00f6belkombination. Auf drei Ebenen findet die Katze hier Raum zum Schlafen, Spielen und Beobachten. In der mit Pl\u00fcsch bezogenen Schlafh\u00f6hle k\u00f6nnen sich Stubentiger ungest\u00f6rt ausruhen und die ebenfalls mit Pl\u00fcsch gearbeiteten Podeste sind hervorragende Aussichtspunkte. Zwei mit Sisal umwickelte S\u00e4ulen befriedigen das nat\u00fcrliche Kratzbed\u00fcrfnis.<\/p>\n<p><\/p>\n<p>Farbe: beige<\/p>\n<p>Gesamtma\u00dfe: ca. 45 x 35 x 70 cm<\/p>\n","protected":false},"excerpt":{"rendered":"<p>Der Karlie Kratzbaum Argo ist eine praktische Schlaf- und Kratzm\u00f6belkombination. Auf drei Ebenen findet die Katze hier Raum zum Schlafen, Spielen und Beobachten. In der mit Pl\u00fcsch bezogenen Schlafh\u00f6hle k\u00f6nnen sich Stubentiger ungest\u00f6rt ausruhen und die ebenfalls mit Pl\u00fcsch gearbeiteten Podeste sind hervorragende Aussichtspunkte. Zwei mit Sisal umwickelte S\u00e4ulen befriedigen das nat\u00fcrliche Kratzbed\u00fcrfnis. Farbe: beige [&hellip;]<\/p>\n","protected":false},"featured_media":49502,"comment_status":"closed","ping_status":"open","template":"","meta":[],"product_cat":[13901],"product_tag":[],"class_list":{"0":"post-49501","1":"product","2":"type-product","3":"status-publish","4":"has-post-thumbnail","6":"product_cat-bis-100-cm","8":"first","9":"instock","10":"taxable","11":"shipping-taxable","12":"purchasable","13":"product-type-simple"},"_links":{"self":[{"href":"https:\/\/all-pets.de\/shop\/wp-json\/wp\/v2\/product\/49501","targetHints":{"allow":["GET"]}}],"collection":[{"href":"https:\/\/all-pets.de\/shop\/wp-json\/wp\/v2\/product"}],"about":[{"href":"https:\/\/all-pets.de\/shop\/wp-json\/wp\/v2\/types\/product"}],"replies":[{"embeddable":true,"href":"https:\/\/all-pets.de\/shop\/wp-json\/wp\/v2\/comments?post=49501"}],"wp:featuredmedia":[{"embeddable":true,"href":"https:\/\/all-pets.de\/shop\/wp-json\/wp\/v2\/media\/49502"}],"wp:attachment":[{"href":"https:\/\/all-pets.de\/shop\/wp-json\/wp\/v2\/media?parent=49501"}],"wp:term":[{"taxonomy":"product_cat","embeddable":true,"href":"https:\/\/all-pets.de\/shop\/wp-json\/wp\/v2\/product_cat?post=49501"},{"taxonomy":"product_tag","embeddable":true,"href":"https:\/\/all-pets.de\/shop\/wp-json\/wp\/v2\/product_tag?post=49501"}],"curies":[{"name":"wp","href":"https:\/\/api.w.org\/{rel}","templated":true}]}}