{"id":49523,"date":"2023-12-12T12:31:27","date_gmt":"2023-12-12T11:31:27","guid":{"rendered":"https:\/\/pet-shopping.de\/shop\/produkt\/trixie-slow-feeding-futterplatte-hive-xl\/"},"modified":"2023-12-12T12:31:28","modified_gmt":"2023-12-12T11:31:28","slug":"trixie-slow-feeding-futterplatte-hive-xl","status":"publish","type":"product","link":"https:\/\/all-pets.de\/shop\/produkt\/trixie-slow-feeding-futterplatte-hive-xl\/","title":{"rendered":"Trixie Slow Feeding Futterplatte Hive XL"},"content":{"rendered":"<ul>\n<li>Spiel mit wabenartigen Vertiefungen<\/li>\n<li>kann auch f\u00fcr die t\u00e4gliche Trockenfuttergabe genutzt werden<\/li>\n<li>f\u00fcr Trockenfutter<\/li>\n<li>f\u00fcr Katzen ab 3 Monaten<\/li>\n<li>rutschfest durch Gummiring<\/li>\n<li>Kunststoff<\/li>\n<li>tierschutzkonform nach \u00a7 18 (AT)<\/li>\n<li>sp\u00fclmaschinengeeignet<\/li>\n<li>Ma\u00dfe: ca. \u00f8 35 cm<\/li>\n<li>Farbe: blau\/grau<\/li>\n<\/ul>\n","protected":false},"excerpt":{"rendered":"<p>Spiel mit wabenartigen Vertiefungen kann auch f\u00fcr die t\u00e4gliche Trockenfuttergabe genutzt werden f\u00fcr Trockenfutter f\u00fcr Katzen ab 3 Monaten rutschfest durch Gummiring Kunststoff tierschutzkonform nach \u00a7 18 (AT) sp\u00fclmaschinengeeignet Ma\u00dfe: ca. \u00f8 35 cm Farbe: blau\/grau<\/p>\n","protected":false},"featured_media":49524,"comment_status":"closed","ping_status":"open","template":"","meta":[],"product_cat":[15228],"product_tag":[],"class_list":{"0":"post-49523","1":"product","2":"type-product","3":"status-publish","4":"has-post-thumbnail","6":"product_cat-intelligenz-spielzeug-katzenspielzeug-futter-wassernaepfekatzenwelt-katzennaepfe-traenken","8":"first","9":"instock","10":"taxable","11":"shipping-taxable","12":"purchasable","13":"product-type-simple"},"_links":{"self":[{"href":"https:\/\/all-pets.de\/shop\/wp-json\/wp\/v2\/product\/49523","targetHints":{"allow":["GET"]}}],"collection":[{"href":"https:\/\/all-pets.de\/shop\/wp-json\/wp\/v2\/product"}],"about":[{"href":"https:\/\/all-pets.de\/shop\/wp-json\/wp\/v2\/types\/product"}],"replies":[{"embeddable":true,"href":"https:\/\/all-pets.de\/shop\/wp-json\/wp\/v2\/comments?post=49523"}],"wp:featuredmedia":[{"embeddable":true,"href":"https:\/\/all-pets.de\/shop\/wp-json\/wp\/v2\/media\/49524"}],"wp:attachment":[{"href":"https:\/\/all-pets.de\/shop\/wp-json\/wp\/v2\/media?parent=49523"}],"wp:term":[{"taxonomy":"product_cat","embeddable":true,"href":"https:\/\/all-pets.de\/shop\/wp-json\/wp\/v2\/product_cat?post=49523"},{"taxonomy":"product_tag","embeddable":true,"href":"https:\/\/all-pets.de\/shop\/wp-json\/wp\/v2\/product_tag?post=49523"}],"curies":[{"name":"wp","href":"https:\/\/api.w.org\/{rel}","templated":true}]}}