{"id":49527,"date":"2023-12-12T12:31:27","date_gmt":"2023-12-12T11:31:27","guid":{"rendered":"https:\/\/pet-shopping.de\/shop\/produkt\/trixie-slow-feeding-napf-rocking-bowl\/"},"modified":"2023-12-12T12:31:29","modified_gmt":"2023-12-12T11:31:29","slug":"trixie-slow-feeding-napf-rocking-bowl","status":"publish","type":"product","link":"https:\/\/all-pets.de\/shop\/produkt\/trixie-slow-feeding-napf-rocking-bowl\/","title":{"rendered":"Trixie Slow Feeding Napf Rocking Bowl"},"content":{"rendered":"<div class=\"mb-3 row\">\n<div class=\"col\">\n<div class=\"description\">\n<ul>\n<li>verhindert das Schlingen<\/li>\n<li>durch Wackelbewegungen f\u00e4llt das Futter aus dem Rahmen in den Napf<\/li>\n<li>variabler Schwierigkeitsgrad durch verstellbare Futter\u00f6ffnung<\/li>\n<li>ger\u00e4uscharm und rutschgehemmt durch Gummibeschichtung<\/li>\n<li>f\u00fcr Trockenfutter<\/li>\n<li>Kunststoff\/TPR<\/li>\n<li>tierschutzkonform nach \u00a7 18 (AT)<\/li>\n<li>sp\u00fclmaschinengeeignet<\/li>\n<li>Ma\u00dfe: ca. 0,5 l\/\u00f8 23 cm<\/li>\n<li>Farbe: grau\/blau<\/li>\n<\/ul>\n<\/div>\n<\/div>\n<\/div>\n","protected":false},"excerpt":{"rendered":"<p>verhindert das Schlingen durch Wackelbewegungen f\u00e4llt das Futter aus dem Rahmen in den Napf variabler Schwierigkeitsgrad durch verstellbare Futter\u00f6ffnung ger\u00e4uscharm und rutschgehemmt durch Gummibeschichtung f\u00fcr Trockenfutter Kunststoff\/TPR tierschutzkonform nach \u00a7 18 (AT) sp\u00fclmaschinengeeignet Ma\u00dfe: ca. 0,5 l\/\u00f8 23 cm Farbe: grau\/blau<\/p>\n","protected":false},"featured_media":49528,"comment_status":"closed","ping_status":"open","template":"","meta":[],"product_cat":[14361],"product_tag":[],"class_list":{"0":"post-49527","1":"product","2":"type-product","3":"status-publish","4":"has-post-thumbnail","6":"product_cat-futter-wassernaepfe-hundenaepfe-traenken","8":"first","9":"instock","10":"taxable","11":"shipping-taxable","12":"purchasable","13":"product-type-simple"},"_links":{"self":[{"href":"https:\/\/all-pets.de\/shop\/wp-json\/wp\/v2\/product\/49527","targetHints":{"allow":["GET"]}}],"collection":[{"href":"https:\/\/all-pets.de\/shop\/wp-json\/wp\/v2\/product"}],"about":[{"href":"https:\/\/all-pets.de\/shop\/wp-json\/wp\/v2\/types\/product"}],"replies":[{"embeddable":true,"href":"https:\/\/all-pets.de\/shop\/wp-json\/wp\/v2\/comments?post=49527"}],"wp:featuredmedia":[{"embeddable":true,"href":"https:\/\/all-pets.de\/shop\/wp-json\/wp\/v2\/media\/49528"}],"wp:attachment":[{"href":"https:\/\/all-pets.de\/shop\/wp-json\/wp\/v2\/media?parent=49527"}],"wp:term":[{"taxonomy":"product_cat","embeddable":true,"href":"https:\/\/all-pets.de\/shop\/wp-json\/wp\/v2\/product_cat?post=49527"},{"taxonomy":"product_tag","embeddable":true,"href":"https:\/\/all-pets.de\/shop\/wp-json\/wp\/v2\/product_tag?post=49527"}],"curies":[{"name":"wp","href":"https:\/\/api.w.org\/{rel}","templated":true}]}}