{"id":49536,"date":"2023-12-12T12:31:27","date_gmt":"2023-12-12T11:31:27","guid":{"rendered":"https:\/\/pet-shopping.de\/shop\/produkt\/trixie-schlafsack-fuer-hunde\/"},"modified":"2023-12-12T12:31:30","modified_gmt":"2023-12-12T11:31:30","slug":"trixie-schlafsack-fuer-hunde","status":"publish","type":"product","link":"https:\/\/all-pets.de\/shop\/produkt\/trixie-schlafsack-fuer-hunde\/","title":{"rendered":"Trixie Schlafsack f\u00fcr Hunde"},"content":{"rendered":"<ul>\n<li>Nylon-Haptik\/Pl\u00fcsch<\/li>\n<li>Polyester-Bezug<\/li>\n<li>Polyestervlies-F\u00fcllung<\/li>\n<li>auch als Liegematte nutzbar (135 \u00d7 95 cm) <\/li>\n<li>mit Rei\u00dfverschluss<\/li>\n<li>platzsparend zusammenzurollen und im praktischen Transportbeutel zu verstauen<\/li>\n<li>waschbar bei 40\u00b0C<\/li>\n<li>wasserabweisend<\/li>\n<li>Ma\u00dfe: ca. 70 \u00d7 95 cm<\/li>\n<li>Farbe: petrol\/grau<\/li>\n<\/ul>\n","protected":false},"excerpt":{"rendered":"<p>Nylon-Haptik\/Pl\u00fcsch Polyester-Bezug Polyestervlies-F\u00fcllung auch als Liegematte nutzbar (135 \u00d7 95 cm) mit Rei\u00dfverschluss platzsparend zusammenzurollen und im praktischen Transportbeutel zu verstauen waschbar bei 40\u00b0C wasserabweisend Ma\u00dfe: ca. 70 \u00d7 95 cm Farbe: petrol\/grau<\/p>\n","protected":false},"featured_media":49537,"comment_status":"closed","ping_status":"open","template":"","meta":[],"product_cat":[14943],"product_tag":[],"class_list":{"0":"post-49536","1":"product","2":"type-product","3":"status-publish","4":"has-post-thumbnail","6":"product_cat-hundebetten-hundekissen-betten-koerbe-liegedeckenhundewelt-betten-koerbe","8":"first","9":"instock","10":"taxable","11":"shipping-taxable","12":"purchasable","13":"product-type-simple"},"_links":{"self":[{"href":"https:\/\/all-pets.de\/shop\/wp-json\/wp\/v2\/product\/49536","targetHints":{"allow":["GET"]}}],"collection":[{"href":"https:\/\/all-pets.de\/shop\/wp-json\/wp\/v2\/product"}],"about":[{"href":"https:\/\/all-pets.de\/shop\/wp-json\/wp\/v2\/types\/product"}],"replies":[{"embeddable":true,"href":"https:\/\/all-pets.de\/shop\/wp-json\/wp\/v2\/comments?post=49536"}],"wp:featuredmedia":[{"embeddable":true,"href":"https:\/\/all-pets.de\/shop\/wp-json\/wp\/v2\/media\/49537"}],"wp:attachment":[{"href":"https:\/\/all-pets.de\/shop\/wp-json\/wp\/v2\/media?parent=49536"}],"wp:term":[{"taxonomy":"product_cat","embeddable":true,"href":"https:\/\/all-pets.de\/shop\/wp-json\/wp\/v2\/product_cat?post=49536"},{"taxonomy":"product_tag","embeddable":true,"href":"https:\/\/all-pets.de\/shop\/wp-json\/wp\/v2\/product_tag?post=49536"}],"curies":[{"name":"wp","href":"https:\/\/api.w.org\/{rel}","templated":true}]}}