{"id":49559,"date":"2023-12-12T12:31:32","date_gmt":"2023-12-12T11:31:32","guid":{"rendered":"https:\/\/pet-shopping.de\/shop\/produkt\/classic-dog-snack-kaninchenohren-1kg\/"},"modified":"2023-12-12T12:31:35","modified_gmt":"2023-12-12T11:31:35","slug":"classic-dog-snack-kaninchenohren-1kg","status":"publish","type":"product","link":"https:\/\/all-pets.de\/shop\/produkt\/classic-dog-snack-kaninchenohren-1kg\/","title":{"rendered":"Classic Dog Snack Kaninchenohren 1kg"},"content":{"rendered":"<p>Kaninchenohr ist ein bek\u00f6mmlicher Belohnungssnack aus nat\u00fcrlichem Trockenfleisch auch f\u00fcr Hunde mit empfindlichem Magen.<\/p>\n<p>Kaninchenohren sind portionsgerechte Knabberhappen. Sie haben wenig Fett und sind daher auch f\u00fcr leicht \u00fcbergewichtigen Hund geeignet.<br \/>Beim Zerkauen werden gleichzeitig die Z\u00e4hne von Bel\u00e4gen befreit, das Zahnfleisch massiert und die Kaumuskeln gekr\u00e4ftigt.<\/p>\n<p>Die Kaninchenohren werden in einem speziellen Verfahren schonend getrocknet.<br \/>Trockenfleisch bietet eine ideale Alternative zu frischen Fleischteilen vom Metzger.<br \/>Es ist ebenso nahrhaft bei besseren Lagereigenschaften und besitzt einen angenehmeren Geruch.<\/p>\n<p>Kaninchenohren sind aus 100% nat\u00fcrlichem Fleisch, ohne k\u00fcnstliche Konservierungsstoffe.<\/p>\n<p>Bitte lagern Sie dieses Produkt immer k\u00fchl und trocken.<\/p>\n<p>\u00a0<\/p>\n<p>Protein: 51,10% Fett: 19,40% Feuchtigkeit: 10,60%<\/p>\n<p>Als Belohnungssnack erg\u00e4nzend zur gewohnten Hauptnahrung. Bitte immer ausreichend Wasser zur Verf\u00fcgung stellen.<\/p>\n","protected":false},"excerpt":{"rendered":"<p>Kaninchenohr ist ein bek\u00f6mmlicher Belohnungssnack aus nat\u00fcrlichem Trockenfleisch auch f\u00fcr Hunde mit empfindlichem Magen. Kaninchenohren sind portionsgerechte Knabberhappen. Sie haben wenig Fett und sind daher auch f\u00fcr leicht \u00fcbergewichtigen Hund geeignet.Beim Zerkauen werden gleichzeitig die Z\u00e4hne von Bel\u00e4gen befreit, das Zahnfleisch massiert und die Kaumuskeln gekr\u00e4ftigt. Die Kaninchenohren werden in einem speziellen Verfahren schonend getrocknet.Trockenfleisch [&hellip;]<\/p>\n","protected":false},"featured_media":49560,"comment_status":"closed","ping_status":"open","template":"","meta":[],"product_cat":[13902],"product_tag":[],"class_list":{"0":"post-49559","1":"product","2":"type-product","3":"status-publish","4":"has-post-thumbnail","6":"product_cat-classic-trockenware","8":"first","9":"instock","10":"taxable","11":"shipping-taxable","12":"purchasable","13":"product-type-simple"},"_links":{"self":[{"href":"https:\/\/all-pets.de\/shop\/wp-json\/wp\/v2\/product\/49559","targetHints":{"allow":["GET"]}}],"collection":[{"href":"https:\/\/all-pets.de\/shop\/wp-json\/wp\/v2\/product"}],"about":[{"href":"https:\/\/all-pets.de\/shop\/wp-json\/wp\/v2\/types\/product"}],"replies":[{"embeddable":true,"href":"https:\/\/all-pets.de\/shop\/wp-json\/wp\/v2\/comments?post=49559"}],"wp:featuredmedia":[{"embeddable":true,"href":"https:\/\/all-pets.de\/shop\/wp-json\/wp\/v2\/media\/49560"}],"wp:attachment":[{"href":"https:\/\/all-pets.de\/shop\/wp-json\/wp\/v2\/media?parent=49559"}],"wp:term":[{"taxonomy":"product_cat","embeddable":true,"href":"https:\/\/all-pets.de\/shop\/wp-json\/wp\/v2\/product_cat?post=49559"},{"taxonomy":"product_tag","embeddable":true,"href":"https:\/\/all-pets.de\/shop\/wp-json\/wp\/v2\/product_tag?post=49559"}],"curies":[{"name":"wp","href":"https:\/\/api.w.org\/{rel}","templated":true}]}}