{"id":49561,"date":"2023-12-12T12:31:32","date_gmt":"2023-12-12T11:31:32","guid":{"rendered":"https:\/\/pet-shopping.de\/shop\/produkt\/classic-dog-snack-pferdhaut-1kg\/"},"modified":"2023-12-12T12:31:36","modified_gmt":"2023-12-12T11:31:36","slug":"classic-dog-snack-pferdhaut-1kg","status":"publish","type":"product","link":"https:\/\/all-pets.de\/shop\/produkt\/classic-dog-snack-pferdhaut-1kg\/","title":{"rendered":"Classic Dog Snack Pferdhaut 1kg"},"content":{"rendered":"<p>Pferdhaut ist proteinreich und besonders leicht verdaulich.<br \/>Pferdhaut ist eine besonders empfehlenswerte Alternative bei Nahrungsmittel-Unvertr\u00e4glichkeiten, Allergieprobleme und Magen- Darm-Empfindlichkeit. Sie ist leicht bek\u00f6mmlich, kalorien- und cholesterinarm.<\/p>\n<p>Beim Zerkauen werden gleichzeitig die Z\u00e4hne von Bel\u00e4gen befreit, das Zahnfleisch massiert und die Kaumuskeln gekr\u00e4ftigt.<\/p>\n<p>Pferdhaut wird in einem speziellen Verfahren schonend getrocknet.<br \/>Trockenfleisch bietet eine ideale Alternative zu frischen Fleischteilen vom Metzger.<br \/>Es ist ebenso nahrhaft bei l\u00e4ngerer Lagerf\u00e4higkeit und angenehmeren Geruch.<\/p>\n<p>Pferdhaut ist aus 100% nat\u00fcrlichem Fleisch ohne k\u00fcnstliche Farbstoffe und ohne Konservierungsstoffe.<\/p>\n<p>Bitte lagern Sie dieses Produkt immer k\u00fchl und trocken.<\/p>\n<p>Protein: 80,10% Fett: 04,80% Feuchtigkeit: 17,50%<\/p>\n<p>Als Belohnungssnack erg\u00e4nzend zur gewohnten Hauptnahrung. Bitte immer ausreichend Wasser zur Verf\u00fcgung stellen.<\/p>\n","protected":false},"excerpt":{"rendered":"<p>Pferdhaut ist proteinreich und besonders leicht verdaulich.Pferdhaut ist eine besonders empfehlenswerte Alternative bei Nahrungsmittel-Unvertr\u00e4glichkeiten, Allergieprobleme und Magen- Darm-Empfindlichkeit. Sie ist leicht bek\u00f6mmlich, kalorien- und cholesterinarm. Beim Zerkauen werden gleichzeitig die Z\u00e4hne von Bel\u00e4gen befreit, das Zahnfleisch massiert und die Kaumuskeln gekr\u00e4ftigt. Pferdhaut wird in einem speziellen Verfahren schonend getrocknet.Trockenfleisch bietet eine ideale Alternative zu frischen [&hellip;]<\/p>\n","protected":false},"featured_media":49562,"comment_status":"closed","ping_status":"open","template":"","meta":[],"product_cat":[13902],"product_tag":[],"class_list":{"0":"post-49561","1":"product","2":"type-product","3":"status-publish","4":"has-post-thumbnail","6":"product_cat-classic-trockenware","8":"first","9":"instock","10":"taxable","11":"shipping-taxable","12":"purchasable","13":"product-type-simple"},"_links":{"self":[{"href":"https:\/\/all-pets.de\/shop\/wp-json\/wp\/v2\/product\/49561","targetHints":{"allow":["GET"]}}],"collection":[{"href":"https:\/\/all-pets.de\/shop\/wp-json\/wp\/v2\/product"}],"about":[{"href":"https:\/\/all-pets.de\/shop\/wp-json\/wp\/v2\/types\/product"}],"replies":[{"embeddable":true,"href":"https:\/\/all-pets.de\/shop\/wp-json\/wp\/v2\/comments?post=49561"}],"wp:featuredmedia":[{"embeddable":true,"href":"https:\/\/all-pets.de\/shop\/wp-json\/wp\/v2\/media\/49562"}],"wp:attachment":[{"href":"https:\/\/all-pets.de\/shop\/wp-json\/wp\/v2\/media?parent=49561"}],"wp:term":[{"taxonomy":"product_cat","embeddable":true,"href":"https:\/\/all-pets.de\/shop\/wp-json\/wp\/v2\/product_cat?post=49561"},{"taxonomy":"product_tag","embeddable":true,"href":"https:\/\/all-pets.de\/shop\/wp-json\/wp\/v2\/product_tag?post=49561"}],"curies":[{"name":"wp","href":"https:\/\/api.w.org\/{rel}","templated":true}]}}