{"id":49563,"date":"2023-12-12T12:31:32","date_gmt":"2023-12-12T11:31:32","guid":{"rendered":"https:\/\/pet-shopping.de\/shop\/produkt\/classic-dog-snack-huehnerfuesse-1kg\/"},"modified":"2023-12-12T12:31:37","modified_gmt":"2023-12-12T11:31:37","slug":"classic-dog-snack-huehnerfuesse-1kg","status":"publish","type":"product","link":"https:\/\/all-pets.de\/shop\/produkt\/classic-dog-snack-huehnerfuesse-1kg\/","title":{"rendered":"Classic Dog Snack H\u00fchnerf\u00fc\u00dfe 1kg"},"content":{"rendered":"<p>H\u00fchnerf\u00fc\u00dfe sind ein leckerer, fettarmer und knorpeliger Kauspa\u00df f\u00fcr Gro\u00df und Klein.<\/p>\n<p>H\u00fchnerf\u00fc\u00dfe sind ein naturbelassener und fettarmer Kausnack aus 100% H\u00fchnerfleisch.<br \/>Beim Zerkauen werden gleichzeitig die Z\u00e4hne von Bel\u00e4gen befreit, das Zahnfleisch massiert und die Kaumuskeln gekr\u00e4ftigt.<\/p>\n<p>Die H\u00fchnerf\u00fc\u00dfe werden in einem speziellen Verfahren schonend getrocknet.<br \/>Durch die Trocknung werden die F\u00fc\u00dfe weich, so dass ein Splittern nicht mehr m\u00f6glich ist.<\/p>\n<p>Trockenfleisch bietet eine ideale Alternative zu frischen Fleischteilen vom Metzger.<br \/>Es ist ebenso nahrhaft bei besseren Lagereigenschaften und besitzt einen angenehmeren Geruch.<\/p>\n<p>H\u00fchnerf\u00fc\u00dfe sind aus 100% nat\u00fcrlichen Rohstoffen, ohne k\u00fcnstliche Konservierungsstoffe.<\/p>\n<p>Bitte lagern Sie dieses Produkt immer k\u00fchl und trocken.<\/p>\n<p>Protein: 42,50% Fett: 13,80% Feuchtigkeit: 05,90%<\/p>\n<p>Als Belohnungssnack erg\u00e4nzend zur gewohnten Hauptnahrung. Bitte immer ausreichend Wasser zur Verf\u00fcgung stellen.<\/p>\n","protected":false},"excerpt":{"rendered":"<p>H\u00fchnerf\u00fc\u00dfe sind ein leckerer, fettarmer und knorpeliger Kauspa\u00df f\u00fcr Gro\u00df und Klein. H\u00fchnerf\u00fc\u00dfe sind ein naturbelassener und fettarmer Kausnack aus 100% H\u00fchnerfleisch.Beim Zerkauen werden gleichzeitig die Z\u00e4hne von Bel\u00e4gen befreit, das Zahnfleisch massiert und die Kaumuskeln gekr\u00e4ftigt. Die H\u00fchnerf\u00fc\u00dfe werden in einem speziellen Verfahren schonend getrocknet.Durch die Trocknung werden die F\u00fc\u00dfe weich, so dass ein [&hellip;]<\/p>\n","protected":false},"featured_media":49564,"comment_status":"closed","ping_status":"open","template":"","meta":[],"product_cat":[13902],"product_tag":[],"class_list":{"0":"post-49563","1":"product","2":"type-product","3":"status-publish","4":"has-post-thumbnail","6":"product_cat-classic-trockenware","8":"first","9":"instock","10":"taxable","11":"shipping-taxable","12":"purchasable","13":"product-type-simple"},"_links":{"self":[{"href":"https:\/\/all-pets.de\/shop\/wp-json\/wp\/v2\/product\/49563","targetHints":{"allow":["GET"]}}],"collection":[{"href":"https:\/\/all-pets.de\/shop\/wp-json\/wp\/v2\/product"}],"about":[{"href":"https:\/\/all-pets.de\/shop\/wp-json\/wp\/v2\/types\/product"}],"replies":[{"embeddable":true,"href":"https:\/\/all-pets.de\/shop\/wp-json\/wp\/v2\/comments?post=49563"}],"wp:featuredmedia":[{"embeddable":true,"href":"https:\/\/all-pets.de\/shop\/wp-json\/wp\/v2\/media\/49564"}],"wp:attachment":[{"href":"https:\/\/all-pets.de\/shop\/wp-json\/wp\/v2\/media?parent=49563"}],"wp:term":[{"taxonomy":"product_cat","embeddable":true,"href":"https:\/\/all-pets.de\/shop\/wp-json\/wp\/v2\/product_cat?post=49563"},{"taxonomy":"product_tag","embeddable":true,"href":"https:\/\/all-pets.de\/shop\/wp-json\/wp\/v2\/product_tag?post=49563"}],"curies":[{"name":"wp","href":"https:\/\/api.w.org\/{rel}","templated":true}]}}