{"id":49571,"date":"2023-12-12T12:31:40","date_gmt":"2023-12-12T11:31:40","guid":{"rendered":"https:\/\/pet-shopping.de\/shop\/produkt\/trixie-rucksack-dan-grau\/"},"modified":"2023-12-12T12:31:40","modified_gmt":"2023-12-12T11:31:40","slug":"trixie-rucksack-dan-grau","status":"publish","type":"product","link":"https:\/\/all-pets.de\/shop\/produkt\/trixie-rucksack-dan-grau\/","title":{"rendered":"Trixie Rucksack Dan &#8211; grau"},"content":{"rendered":"<div class=\"mb-3 row\">\n<div class=\"col\">\n<ul>\n<li>\n<ul>\n<ul>\n<li>mit Taillengurt f\u00fcr optimale Gewichtsverteilung<\/li>\n<li>formstabil<\/li>\n<li>von vorne zu \u00f6ffnen<\/li>\n<li>mit Netztasche<\/li>\n<li>mit integrierter Kurzleine<\/li>\n<li>gepolsterte Bodenplatte in Lammfell-Optik (Polyester), Bezug abnehmbar<\/li>\n<li>reflektierende Elemente<\/li>\n<li>Polyester<\/li>\n<li>Farbe: grau<\/li>\n<li>Ma\u00dfe: ca. 34 \u00d7 44 \u00d7 26 cm<\/li>\n<li>geeignet f\u00fcr Tiere bis zu 6 kg<\/li>\n<\/ul>\n<\/ul>\n<\/li>\n<\/ul>\n<\/div>\n<\/div>\n","protected":false},"excerpt":{"rendered":"<p>mit Taillengurt f\u00fcr optimale Gewichtsverteilung formstabil von vorne zu \u00f6ffnen mit Netztasche mit integrierter Kurzleine gepolsterte Bodenplatte in Lammfell-Optik (Polyester), Bezug abnehmbar reflektierende Elemente Polyester Farbe: grau Ma\u00dfe: ca. 34 \u00d7 44 \u00d7 26 cm geeignet f\u00fcr Tiere bis zu 6 kg<\/p>\n","protected":false},"featured_media":49572,"comment_status":"closed","ping_status":"open","template":"","meta":[],"product_cat":[14751],"product_tag":[],"class_list":{"0":"post-49571","1":"product","2":"type-product","3":"status-publish","4":"has-post-thumbnail","6":"product_cat-hundetaschen","8":"first","9":"instock","10":"taxable","11":"shipping-taxable","12":"purchasable","13":"product-type-simple"},"_links":{"self":[{"href":"https:\/\/all-pets.de\/shop\/wp-json\/wp\/v2\/product\/49571","targetHints":{"allow":["GET"]}}],"collection":[{"href":"https:\/\/all-pets.de\/shop\/wp-json\/wp\/v2\/product"}],"about":[{"href":"https:\/\/all-pets.de\/shop\/wp-json\/wp\/v2\/types\/product"}],"replies":[{"embeddable":true,"href":"https:\/\/all-pets.de\/shop\/wp-json\/wp\/v2\/comments?post=49571"}],"wp:featuredmedia":[{"embeddable":true,"href":"https:\/\/all-pets.de\/shop\/wp-json\/wp\/v2\/media\/49572"}],"wp:attachment":[{"href":"https:\/\/all-pets.de\/shop\/wp-json\/wp\/v2\/media?parent=49571"}],"wp:term":[{"taxonomy":"product_cat","embeddable":true,"href":"https:\/\/all-pets.de\/shop\/wp-json\/wp\/v2\/product_cat?post=49571"},{"taxonomy":"product_tag","embeddable":true,"href":"https:\/\/all-pets.de\/shop\/wp-json\/wp\/v2\/product_tag?post=49571"}],"curies":[{"name":"wp","href":"https:\/\/api.w.org\/{rel}","templated":true}]}}