{"id":49577,"date":"2023-12-12T12:31:40","date_gmt":"2023-12-12T11:31:40","guid":{"rendered":"https:\/\/pet-shopping.de\/shop\/produkt\/trixie-kratzwelle-mimi-mint-50-x-9-x-23-cm\/"},"modified":"2023-12-12T12:31:41","modified_gmt":"2023-12-12T11:31:41","slug":"trixie-kratzwelle-mimi-mint-50-x-9-x-23-cm","status":"publish","type":"product","link":"https:\/\/all-pets.de\/shop\/produkt\/trixie-kratzwelle-mimi-mint-50-x-9-x-23-cm\/","title":{"rendered":"Trixie Kratzwelle Mimi &#8211; mint, 50 \u00d7 9 \u00d7 23 cm"},"content":{"rendered":"<ul>\n<li> Pappe <\/li>\n<li> zum Hinlegen <\/li>\n<li>mit Katzenminze<\/li>\n<li>Ma\u00dfe: ca. 50 \u00d7 9 \u00d7 23 cm<\/li>\n<li>Farbe: mint<\/li>\n<\/ul>\n","protected":false},"excerpt":{"rendered":"<p>Pappe zum Hinlegen mit Katzenminze Ma\u00dfe: ca. 50 \u00d7 9 \u00d7 23 cm Farbe: mint<\/p>\n","protected":false},"featured_media":49578,"comment_status":"closed","ping_status":"open","template":"","meta":[],"product_cat":[14595],"product_tag":[],"class_list":{"0":"post-49577","1":"product","2":"type-product","3":"status-publish","4":"has-post-thumbnail","6":"product_cat-kratzbretter-artikel-kratzbaeume-moebel","8":"first","9":"instock","10":"taxable","11":"shipping-taxable","12":"purchasable","13":"product-type-simple"},"_links":{"self":[{"href":"https:\/\/all-pets.de\/shop\/wp-json\/wp\/v2\/product\/49577","targetHints":{"allow":["GET"]}}],"collection":[{"href":"https:\/\/all-pets.de\/shop\/wp-json\/wp\/v2\/product"}],"about":[{"href":"https:\/\/all-pets.de\/shop\/wp-json\/wp\/v2\/types\/product"}],"replies":[{"embeddable":true,"href":"https:\/\/all-pets.de\/shop\/wp-json\/wp\/v2\/comments?post=49577"}],"wp:featuredmedia":[{"embeddable":true,"href":"https:\/\/all-pets.de\/shop\/wp-json\/wp\/v2\/media\/49578"}],"wp:attachment":[{"href":"https:\/\/all-pets.de\/shop\/wp-json\/wp\/v2\/media?parent=49577"}],"wp:term":[{"taxonomy":"product_cat","embeddable":true,"href":"https:\/\/all-pets.de\/shop\/wp-json\/wp\/v2\/product_cat?post=49577"},{"taxonomy":"product_tag","embeddable":true,"href":"https:\/\/all-pets.de\/shop\/wp-json\/wp\/v2\/product_tag?post=49577"}],"curies":[{"name":"wp","href":"https:\/\/api.w.org\/{rel}","templated":true}]}}