{"id":49582,"date":"2023-12-12T12:31:40","date_gmt":"2023-12-12T11:31:40","guid":{"rendered":"https:\/\/pet-shopping.de\/shop\/produkt\/trixie-aqua-toy-spieltau-mit-eingeflochtenem-ball\/"},"modified":"2023-12-12T12:31:42","modified_gmt":"2023-12-12T11:31:42","slug":"trixie-aqua-toy-spieltau-mit-eingeflochtenem-ball","status":"publish","type":"product","link":"https:\/\/all-pets.de\/shop\/produkt\/trixie-aqua-toy-spieltau-mit-eingeflochtenem-ball\/","title":{"rendered":"Trixie Aqua Toy Spieltau mit eingeflochtenem Ball"},"content":{"rendered":"<ul>\n<li>Polyester<\/li>\n<li>schwimmt<\/li>\n<li>Ma\u00dfe: ca. \u00f8 7 \u00d7 21 cm<\/li>\n<\/ul>\n","protected":false},"excerpt":{"rendered":"<p>Polyester schwimmt Ma\u00dfe: ca. \u00f8 7 \u00d7 21 cm<\/p>\n","protected":false},"featured_media":49583,"comment_status":"closed","ping_status":"open","template":"","meta":[],"product_cat":[14198],"product_tag":[],"class_list":{"0":"post-49582","1":"product","2":"type-product","3":"status-publish","4":"has-post-thumbnail","6":"product_cat-hundebaelle-hundespielzeug-sport-aqua-spielzeughundewelt","8":"first","9":"instock","10":"taxable","11":"shipping-taxable","12":"purchasable","13":"product-type-simple"},"_links":{"self":[{"href":"https:\/\/all-pets.de\/shop\/wp-json\/wp\/v2\/product\/49582","targetHints":{"allow":["GET"]}}],"collection":[{"href":"https:\/\/all-pets.de\/shop\/wp-json\/wp\/v2\/product"}],"about":[{"href":"https:\/\/all-pets.de\/shop\/wp-json\/wp\/v2\/types\/product"}],"replies":[{"embeddable":true,"href":"https:\/\/all-pets.de\/shop\/wp-json\/wp\/v2\/comments?post=49582"}],"wp:featuredmedia":[{"embeddable":true,"href":"https:\/\/all-pets.de\/shop\/wp-json\/wp\/v2\/media\/49583"}],"wp:attachment":[{"href":"https:\/\/all-pets.de\/shop\/wp-json\/wp\/v2\/media?parent=49582"}],"wp:term":[{"taxonomy":"product_cat","embeddable":true,"href":"https:\/\/all-pets.de\/shop\/wp-json\/wp\/v2\/product_cat?post=49582"},{"taxonomy":"product_tag","embeddable":true,"href":"https:\/\/all-pets.de\/shop\/wp-json\/wp\/v2\/product_tag?post=49582"}],"curies":[{"name":"wp","href":"https:\/\/api.w.org\/{rel}","templated":true}]}}