{"id":49586,"date":"2023-12-12T12:31:40","date_gmt":"2023-12-12T11:31:40","guid":{"rendered":"https:\/\/pet-shopping.de\/shop\/produkt\/trixie-napfunterlage-aus-silikon-transparent\/"},"modified":"2023-12-12T12:31:43","modified_gmt":"2023-12-12T11:31:43","slug":"trixie-napfunterlage-aus-silikon-transparent","status":"publish","type":"product","link":"https:\/\/all-pets.de\/shop\/produkt\/trixie-napfunterlage-aus-silikon-transparent\/","title":{"rendered":"Trixie Napfunterlage aus Silikon &#8211; transparent"},"content":{"rendered":"<div class=\"mb-3 row\">\n<div class=\"col\">\n<div class=\"description\">\n<ul>\n<li>Silikon<\/li>\n<li>erh\u00f6hter Rand<\/li>\n<li>rutschfest<\/li>\n<li>sp\u00fclmaschinengeeignet<\/li>\n<li>Ma\u00dfe: ca. 48 \u00d7 27 cm<\/li>\n<li>Farbe: transparent<\/li>\n<\/ul>\n<\/div>\n<\/div>\n<\/div>\n","protected":false},"excerpt":{"rendered":"<p>Silikon erh\u00f6hter Rand rutschfest sp\u00fclmaschinengeeignet Ma\u00dfe: ca. 48 \u00d7 27 cm Farbe: transparent<\/p>\n","protected":false},"featured_media":49587,"comment_status":"closed","ping_status":"open","template":"","meta":[],"product_cat":[13826],"product_tag":[],"class_list":{"0":"post-49586","1":"product","2":"type-product","3":"status-publish","4":"has-post-thumbnail","6":"product_cat-napfunterlagen","8":"first","9":"instock","10":"taxable","11":"shipping-taxable","12":"purchasable","13":"product-type-simple"},"_links":{"self":[{"href":"https:\/\/all-pets.de\/shop\/wp-json\/wp\/v2\/product\/49586","targetHints":{"allow":["GET"]}}],"collection":[{"href":"https:\/\/all-pets.de\/shop\/wp-json\/wp\/v2\/product"}],"about":[{"href":"https:\/\/all-pets.de\/shop\/wp-json\/wp\/v2\/types\/product"}],"replies":[{"embeddable":true,"href":"https:\/\/all-pets.de\/shop\/wp-json\/wp\/v2\/comments?post=49586"}],"wp:featuredmedia":[{"embeddable":true,"href":"https:\/\/all-pets.de\/shop\/wp-json\/wp\/v2\/media\/49587"}],"wp:attachment":[{"href":"https:\/\/all-pets.de\/shop\/wp-json\/wp\/v2\/media?parent=49586"}],"wp:term":[{"taxonomy":"product_cat","embeddable":true,"href":"https:\/\/all-pets.de\/shop\/wp-json\/wp\/v2\/product_cat?post=49586"},{"taxonomy":"product_tag","embeddable":true,"href":"https:\/\/all-pets.de\/shop\/wp-json\/wp\/v2\/product_tag?post=49586"}],"curies":[{"name":"wp","href":"https:\/\/api.w.org\/{rel}","templated":true}]}}