{"id":49593,"date":"2023-12-12T12:31:40","date_gmt":"2023-12-12T11:31:40","guid":{"rendered":"https:\/\/pet-shopping.de\/shop\/produkt\/trixie-spieltau-mit-tpr-ball\/"},"modified":"2023-12-12T12:31:45","modified_gmt":"2023-12-12T11:31:45","slug":"trixie-spieltau-mit-tpr-ball","status":"publish","type":"product","link":"https:\/\/all-pets.de\/shop\/produkt\/trixie-spieltau-mit-tpr-ball\/","title":{"rendered":"Trixie Spieltau mit TPR Ball"},"content":{"rendered":"<ul>\n<li>Polyester\/thermoplastisches Gummi (TPR)<\/li>\n<li>schwimmt<\/li>\n<li>Ma\u00dfe: ca. \u00f8 6 \u00d7 40 cm<\/li>\n<li>Diverse Farben. Eine Farbwahl ist leider nicht m\u00f6glich, da die Farbe je nach Lagerbestand gew\u00e4hlt wird.<\/li>\n<\/ul>\n","protected":false},"excerpt":{"rendered":"<p>Polyester\/thermoplastisches Gummi (TPR) schwimmt Ma\u00dfe: ca. \u00f8 6 \u00d7 40 cm Diverse Farben. Eine Farbwahl ist leider nicht m\u00f6glich, da die Farbe je nach Lagerbestand gew\u00e4hlt wird.<\/p>\n","protected":false},"featured_media":49594,"comment_status":"closed","ping_status":"open","template":"","meta":[],"product_cat":[14198],"product_tag":[],"class_list":{"0":"post-49593","1":"product","2":"type-product","3":"status-publish","4":"has-post-thumbnail","6":"product_cat-hundebaelle-hundespielzeug-sport-aqua-spielzeughundewelt","8":"first","9":"instock","10":"taxable","11":"shipping-taxable","12":"purchasable","13":"product-type-simple"},"_links":{"self":[{"href":"https:\/\/all-pets.de\/shop\/wp-json\/wp\/v2\/product\/49593","targetHints":{"allow":["GET"]}}],"collection":[{"href":"https:\/\/all-pets.de\/shop\/wp-json\/wp\/v2\/product"}],"about":[{"href":"https:\/\/all-pets.de\/shop\/wp-json\/wp\/v2\/types\/product"}],"replies":[{"embeddable":true,"href":"https:\/\/all-pets.de\/shop\/wp-json\/wp\/v2\/comments?post=49593"}],"wp:featuredmedia":[{"embeddable":true,"href":"https:\/\/all-pets.de\/shop\/wp-json\/wp\/v2\/media\/49594"}],"wp:attachment":[{"href":"https:\/\/all-pets.de\/shop\/wp-json\/wp\/v2\/media?parent=49593"}],"wp:term":[{"taxonomy":"product_cat","embeddable":true,"href":"https:\/\/all-pets.de\/shop\/wp-json\/wp\/v2\/product_cat?post=49593"},{"taxonomy":"product_tag","embeddable":true,"href":"https:\/\/all-pets.de\/shop\/wp-json\/wp\/v2\/product_tag?post=49593"}],"curies":[{"name":"wp","href":"https:\/\/api.w.org\/{rel}","templated":true}]}}