{"id":49609,"date":"2023-12-12T12:31:48","date_gmt":"2023-12-12T11:31:48","guid":{"rendered":"https:\/\/pet-shopping.de\/shop\/produkt\/litterlocker-by-litter-genie-xl-nachfuellkassette\/"},"modified":"2023-12-12T12:31:50","modified_gmt":"2023-12-12T11:31:50","slug":"litterlocker-by-litter-genie-xl-nachfuellkassette","status":"publish","type":"product","link":"https:\/\/all-pets.de\/shop\/produkt\/litterlocker-by-litter-genie-xl-nachfuellkassette\/","title":{"rendered":"LitterLocker by Litter Genie XL-Nachf\u00fcllkassette"},"content":{"rendered":"<p>Die LitterLocker by Litter Genie<sup>\u00ae<\/sup> Nachf\u00fcllkassette enth\u00e4lt 6 Meter durchgehende Folie, die bis zu 3 Monate f\u00fcr eine Katze reicht. Damit ist ein st\u00e4ndiges Nachf\u00fcllen nicht erforderlich. <\/p>\n<p>Die mehrschichtige Folie schlie\u00dft Ger\u00fcche ein und h\u00e4lt Ihr Zuhause frei von Katzenstreugeruch. Die Reinigung Ihrer Katzentoilette war noch nie so schnell und einfach.<\/p>\n<div class=\"product-tab-info features-info product-active\">\n<div class=\"features-text\">\n<ul>\n<li>Ultimative Geruchskontrolle &#8211; Unsere mehrschichtige Folie mit Geruchsbarrieretechnologie schlie\u00dft Ger\u00fcche aus verschmutzter Katzenstreu bis zu acht Tage lang ein (f\u00fcr eine Katze).<\/li>\n<li>M\u00fchelose Reinigung &#038; Langlebigkeit &#8211; die t\u00e4gliche Suche nach Plastikt\u00fcten und der h\u00e4ufige Gang zur M\u00fclltonne geh\u00f6ren der Vergangenheit an. Eine Nachf\u00fcllkassette reicht bis zu 3 Monate (f\u00fcr eine Katze). <\/li>\n<li>Einfach zu verwenden &#8211; unsere neue, l\u00e4nger haltende Nachf\u00fcllkassette l\u00e4sst sich in 4 einfachen Schritten austauschen. <\/li>\n<li>Langlebig &#8211; eine Nachf\u00fcllkassette h\u00e4lt bis zu 3 Monate (f\u00fcr eine Katze). <\/li>\n<\/ul>\n<\/div>\n<\/div>\n","protected":false},"excerpt":{"rendered":"<p>Die LitterLocker by Litter Genie\u00ae Nachf\u00fcllkassette enth\u00e4lt 6 Meter durchgehende Folie, die bis zu 3 Monate f\u00fcr eine Katze reicht. Damit ist ein st\u00e4ndiges Nachf\u00fcllen nicht erforderlich. Die mehrschichtige Folie schlie\u00dft Ger\u00fcche ein und h\u00e4lt Ihr Zuhause frei von Katzenstreugeruch. Die Reinigung Ihrer Katzentoilette war noch nie so schnell und einfach. Ultimative Geruchskontrolle &#8211; Unsere [&hellip;]<\/p>\n","protected":false},"featured_media":49610,"comment_status":"closed","ping_status":"open","template":"","meta":[],"product_cat":[14219],"product_tag":[],"class_list":{"0":"post-49609","1":"product","2":"type-product","3":"status-publish","4":"has-post-thumbnail","6":"product_cat-toiletten-zubehoer","8":"first","9":"instock","10":"taxable","11":"shipping-taxable","12":"purchasable","13":"product-type-simple"},"_links":{"self":[{"href":"https:\/\/all-pets.de\/shop\/wp-json\/wp\/v2\/product\/49609","targetHints":{"allow":["GET"]}}],"collection":[{"href":"https:\/\/all-pets.de\/shop\/wp-json\/wp\/v2\/product"}],"about":[{"href":"https:\/\/all-pets.de\/shop\/wp-json\/wp\/v2\/types\/product"}],"replies":[{"embeddable":true,"href":"https:\/\/all-pets.de\/shop\/wp-json\/wp\/v2\/comments?post=49609"}],"wp:featuredmedia":[{"embeddable":true,"href":"https:\/\/all-pets.de\/shop\/wp-json\/wp\/v2\/media\/49610"}],"wp:attachment":[{"href":"https:\/\/all-pets.de\/shop\/wp-json\/wp\/v2\/media?parent=49609"}],"wp:term":[{"taxonomy":"product_cat","embeddable":true,"href":"https:\/\/all-pets.de\/shop\/wp-json\/wp\/v2\/product_cat?post=49609"},{"taxonomy":"product_tag","embeddable":true,"href":"https:\/\/all-pets.de\/shop\/wp-json\/wp\/v2\/product_tag?post=49609"}],"curies":[{"name":"wp","href":"https:\/\/api.w.org\/{rel}","templated":true}]}}