{"id":49613,"date":"2023-12-12T12:31:48","date_gmt":"2023-12-12T11:31:48","guid":{"rendered":"https:\/\/pet-shopping.de\/shop\/produkt\/beeztees-hide-and-seek-frosch\/"},"modified":"2023-12-12T12:31:51","modified_gmt":"2023-12-12T11:31:51","slug":"beeztees-hide-and-seek-frosch","status":"publish","type":"product","link":"https:\/\/all-pets.de\/shop\/produkt\/beeztees-hide-and-seek-frosch\/","title":{"rendered":"Beeztees Hide And Seek Frosch"},"content":{"rendered":"<p>Der Hide and Seek Frosch von Beeztees garantiert stundenlangen Kuschel- und Spielspa\u00df. Das Hundespielzeug aus herrlich weichem Pl\u00fcsch ist nicht nur ein Kuscheltier, sondern auch ein anspruchsvolles Denkspiel f\u00fcr Hunde. Im Inneren des Pl\u00fcschtiers befinden sich verschiedene F\u00e4cher, in denen Sie Hundeleckerlis verstecken k\u00f6nnen und die Ihr Hund dann mit seiner Nase erschn\u00fcffeln kann. Der Frosch hat zw\u00f6lf Verstecke: eines im Mund, zwei in den Vorderbeinen, vier in den Hinterbeinen und f\u00fcnf auf dem R\u00fccken. Die Suche nach den Leckerlis macht Ihrem Hund nicht nur Spa\u00df, sondern tr\u00e4gt auch zur geistigen Anregung bei. Dar\u00fcber hinaus lernt der Hund, seine Nase einzusetzen. <\/p>\n<p>&#8211; Hergestellt aus Pl\u00fcsch <br \/>&#8211; Kuscheltier und Denkspiel <br \/>&#8211; Mit 12 Verstecken f\u00fcr Hundeleckerlis <br \/>&#8211; Tr\u00e4gt zur geistigen Stimulation bei <br \/>&#8211; Ma\u00dfe: ca. 31 x 20 x 7 cm<\/p>\n","protected":false},"excerpt":{"rendered":"<p>Der Hide and Seek Frosch von Beeztees garantiert stundenlangen Kuschel- und Spielspa\u00df. Das Hundespielzeug aus herrlich weichem Pl\u00fcsch ist nicht nur ein Kuscheltier, sondern auch ein anspruchsvolles Denkspiel f\u00fcr Hunde. Im Inneren des Pl\u00fcschtiers befinden sich verschiedene F\u00e4cher, in denen Sie Hundeleckerlis verstecken k\u00f6nnen und die Ihr Hund dann mit seiner Nase erschn\u00fcffeln kann. Der [&hellip;]<\/p>\n","protected":false},"featured_media":49614,"comment_status":"closed","ping_status":"open","template":"","meta":[],"product_cat":[15234],"product_tag":[],"class_list":{"0":"post-49613","1":"product","2":"type-product","3":"status-publish","4":"has-post-thumbnail","6":"product_cat-plueschspielzeug-hundespielzeug-sport-intelligenzhundewelt-hundespielzeug-sport","8":"first","9":"instock","10":"taxable","11":"shipping-taxable","12":"purchasable","13":"product-type-simple"},"_links":{"self":[{"href":"https:\/\/all-pets.de\/shop\/wp-json\/wp\/v2\/product\/49613","targetHints":{"allow":["GET"]}}],"collection":[{"href":"https:\/\/all-pets.de\/shop\/wp-json\/wp\/v2\/product"}],"about":[{"href":"https:\/\/all-pets.de\/shop\/wp-json\/wp\/v2\/types\/product"}],"replies":[{"embeddable":true,"href":"https:\/\/all-pets.de\/shop\/wp-json\/wp\/v2\/comments?post=49613"}],"wp:featuredmedia":[{"embeddable":true,"href":"https:\/\/all-pets.de\/shop\/wp-json\/wp\/v2\/media\/49614"}],"wp:attachment":[{"href":"https:\/\/all-pets.de\/shop\/wp-json\/wp\/v2\/media?parent=49613"}],"wp:term":[{"taxonomy":"product_cat","embeddable":true,"href":"https:\/\/all-pets.de\/shop\/wp-json\/wp\/v2\/product_cat?post=49613"},{"taxonomy":"product_tag","embeddable":true,"href":"https:\/\/all-pets.de\/shop\/wp-json\/wp\/v2\/product_tag?post=49613"}],"curies":[{"name":"wp","href":"https:\/\/api.w.org\/{rel}","templated":true}]}}