{"id":49617,"date":"2023-12-12T12:31:48","date_gmt":"2023-12-12T11:31:48","guid":{"rendered":"https:\/\/pet-shopping.de\/shop\/produkt\/trixie-cat-activity-roller-bowl\/"},"modified":"2023-12-12T12:31:51","modified_gmt":"2023-12-12T11:31:51","slug":"trixie-cat-activity-roller-bowl","status":"publish","type":"product","link":"https:\/\/all-pets.de\/shop\/produkt\/trixie-cat-activity-roller-bowl\/","title":{"rendered":"Trixie Cat Activity Roller Bowl"},"content":{"rendered":"<div class=\"mb-3 row\">\n<div class=\"col\">\n<div class=\"description\">\n<ul>\n<li>Brettspiel mit Drehelement<\/li>\n<li>Rillen auf der Grundplatte dienen der langsamen Futteraufnahme<\/li>\n<li>kann auch f\u00fcr die t\u00e4gliche Trockenfuttergabe genutzt werden<\/li>\n<li>verstellbare \u00d6ffnung<\/li>\n<li>rutschfest durch Gummiring<\/li>\n<li>Kunststoff<\/li>\n<li>inkl. Trainingsanleitung<\/li>\n<li>tierschutzkonform nach \u00a7 18 (AT)<\/li>\n<li>sp\u00fclmaschinengeeignet<\/li>\n<li>Ma\u00dfe: ca. \u00f8 28 cm<\/li>\n<\/ul>\n<\/div>\n<\/div>\n<\/div>\n","protected":false},"excerpt":{"rendered":"<p>Brettspiel mit Drehelement Rillen auf der Grundplatte dienen der langsamen Futteraufnahme kann auch f\u00fcr die t\u00e4gliche Trockenfuttergabe genutzt werden verstellbare \u00d6ffnung rutschfest durch Gummiring Kunststoff inkl. Trainingsanleitung tierschutzkonform nach \u00a7 18 (AT) sp\u00fclmaschinengeeignet Ma\u00dfe: ca. \u00f8 28 cm<\/p>\n","protected":false},"featured_media":49618,"comment_status":"closed","ping_status":"open","template":"","meta":[],"product_cat":[13782],"product_tag":[],"class_list":{"0":"post-49617","1":"product","2":"type-product","3":"status-publish","4":"has-post-thumbnail","6":"product_cat-intelligenz-spielzeug","8":"first","9":"instock","10":"taxable","11":"shipping-taxable","12":"purchasable","13":"product-type-simple"},"_links":{"self":[{"href":"https:\/\/all-pets.de\/shop\/wp-json\/wp\/v2\/product\/49617","targetHints":{"allow":["GET"]}}],"collection":[{"href":"https:\/\/all-pets.de\/shop\/wp-json\/wp\/v2\/product"}],"about":[{"href":"https:\/\/all-pets.de\/shop\/wp-json\/wp\/v2\/types\/product"}],"replies":[{"embeddable":true,"href":"https:\/\/all-pets.de\/shop\/wp-json\/wp\/v2\/comments?post=49617"}],"wp:featuredmedia":[{"embeddable":true,"href":"https:\/\/all-pets.de\/shop\/wp-json\/wp\/v2\/media\/49618"}],"wp:attachment":[{"href":"https:\/\/all-pets.de\/shop\/wp-json\/wp\/v2\/media?parent=49617"}],"wp:term":[{"taxonomy":"product_cat","embeddable":true,"href":"https:\/\/all-pets.de\/shop\/wp-json\/wp\/v2\/product_cat?post=49617"},{"taxonomy":"product_tag","embeddable":true,"href":"https:\/\/all-pets.de\/shop\/wp-json\/wp\/v2\/product_tag?post=49617"}],"curies":[{"name":"wp","href":"https:\/\/api.w.org\/{rel}","templated":true}]}}