{"id":49647,"date":"2023-12-12T12:31:55","date_gmt":"2023-12-12T11:31:55","guid":{"rendered":"https:\/\/pet-shopping.de\/shop\/produkt\/landsnack-popcorn-mit-leber-450g-xxl-pack\/"},"modified":"2023-12-12T12:31:57","modified_gmt":"2023-12-12T11:31:57","slug":"landsnack-popcorn-mit-leber-450g-xxl-pack","status":"publish","type":"product","link":"https:\/\/all-pets.de\/shop\/produkt\/landsnack-popcorn-mit-leber-450g-xxl-pack\/","title":{"rendered":"LandSnack Popcorn mit Leber 450g XXL-Pack"},"content":{"rendered":"<p>Dieser Snack besteht 100 % Reis und enth\u00e4lt weniger als 1% Fett. Er ist ideal geeignet als Belohnung beim Training und in der Hundeausbildung.<\/p>\n<p>Gut f\u00fcr Allergiker &#8211; ohne Weizen und ohne Zucker.<\/p>\n<p>Zuckerfreies Erg\u00e4nzungsfuttermittel f\u00fcr Hunde. Die au\u00dfergew\u00f6hnlichen Happen enthalten weniger als 1% Fett und keinen Zucker. Sie werden von Hunden gern angenommen und sind Ideal zur Belohnung beim Training oder f\u00fcr Zwischendurch. LandSnack Popcorn f\u00fcr Hunde ist besonders kalorienarm und glutenfrei. Deshalb auch f\u00fcr Diabetiker und Allergiker geeignet.<\/p>\n<p>vorgekochter, glutenfreier USA-Langkornreis 99,0 % &#8211; Leberextrakt 1,0 %<\/p>\n<p>Bitte k\u00fchl und trocken lagern<\/p>\n<p>Zusammensetzung: Langkorn Spitzenreis 99,0%,<br \/>Gefl\u00fcgelleberextrakt 1,0%.<\/p>\n<p>Inhaltsstoffe: Rohprotein 8,0%, Rohfett 0,8%,<br \/>Rohasche 1,3%, Rohfaser 0,7%, Feuchtigkeit 9,5%.<\/p>\n<p>Hergestellt f\u00fcr:<br \/>Landfleisch Vertriebs GmbH<br \/>Gewerbestra\u00dfe 5-7,<br \/>42499 H\u00fcckeswagen,<br \/>info@landfleisch.com<\/p>\n<p>Nach Belieben zwischen 5 und 20 Happen pro Tag. (3 Happen sind ca. 1 g)<\/p>\n<p>Frisches Trinkwasser sollte stets bereitstehen.<\/p>\n","protected":false},"excerpt":{"rendered":"<p>Dieser Snack besteht 100 % Reis und enth\u00e4lt weniger als 1% Fett. Er ist ideal geeignet als Belohnung beim Training und in der Hundeausbildung. Gut f\u00fcr Allergiker &#8211; ohne Weizen und ohne Zucker. Zuckerfreies Erg\u00e4nzungsfuttermittel f\u00fcr Hunde. Die au\u00dfergew\u00f6hnlichen Happen enthalten weniger als 1% Fett und keinen Zucker. Sie werden von Hunden gern angenommen und [&hellip;]<\/p>\n","protected":false},"featured_media":49648,"comment_status":"closed","ping_status":"open","template":"","meta":[],"product_cat":[14433],"product_tag":[],"class_list":{"0":"post-49647","1":"product","2":"type-product","3":"status-publish","4":"has-post-thumbnail","6":"product_cat-landfleisch-hundesnacks","8":"first","9":"instock","10":"taxable","11":"shipping-taxable","12":"purchasable","13":"product-type-simple"},"_links":{"self":[{"href":"https:\/\/all-pets.de\/shop\/wp-json\/wp\/v2\/product\/49647","targetHints":{"allow":["GET"]}}],"collection":[{"href":"https:\/\/all-pets.de\/shop\/wp-json\/wp\/v2\/product"}],"about":[{"href":"https:\/\/all-pets.de\/shop\/wp-json\/wp\/v2\/types\/product"}],"replies":[{"embeddable":true,"href":"https:\/\/all-pets.de\/shop\/wp-json\/wp\/v2\/comments?post=49647"}],"wp:featuredmedia":[{"embeddable":true,"href":"https:\/\/all-pets.de\/shop\/wp-json\/wp\/v2\/media\/49648"}],"wp:attachment":[{"href":"https:\/\/all-pets.de\/shop\/wp-json\/wp\/v2\/media?parent=49647"}],"wp:term":[{"taxonomy":"product_cat","embeddable":true,"href":"https:\/\/all-pets.de\/shop\/wp-json\/wp\/v2\/product_cat?post=49647"},{"taxonomy":"product_tag","embeddable":true,"href":"https:\/\/all-pets.de\/shop\/wp-json\/wp\/v2\/product_tag?post=49647"}],"curies":[{"name":"wp","href":"https:\/\/api.w.org\/{rel}","templated":true}]}}