{"id":49663,"date":"2023-12-12T12:32:00","date_gmt":"2023-12-12T11:32:00","guid":{"rendered":"https:\/\/pet-shopping.de\/shop\/produkt\/catit-pixi-smart-futterautomat-mit-6-mahlzeiten\/"},"modified":"2023-12-12T12:32:01","modified_gmt":"2023-12-12T11:32:01","slug":"catit-pixi-smart-futterautomat-mit-6-mahlzeiten","status":"publish","type":"product","link":"https:\/\/all-pets.de\/shop\/produkt\/catit-pixi-smart-futterautomat-mit-6-mahlzeiten\/","title":{"rendered":"Catit PIXI Smart-Futterautomat mit 6 Mahlzeiten"},"content":{"rendered":"<div class=\"woocommerce-product-details__short-description\">\n<div class=\"catit.call-out notification\">\n<p class=\"p1\"><strong>Fernsteuerbarer Futterautomat f\u00fcr Katzen<\/strong><\/p>\n<\/div>\n<ul>\n<li class=\"p1\">Serviert bis zu 6 abwechslungsreiche Mahlzeiten am Tag<\/li>\n<li class=\"p1\">Trockenfutter, Nassfutter und Leckereien lassen sich beliebig kombinieren<\/li>\n<li class=\"p1\">Mit der kostenlosen Catit PIXI App (nur f\u00fcr 2,4 GHz WiFi geeignet) kompatibel<\/li>\n<li class=\"p1\">Plane die F\u00fctterungen \u00fcber die App oder das LCD-Bedienfeld<\/li>\n<li class=\"p1\">Katzensichere Bedienfeldsperre &#038; Katzen-Schutz-Rotationsmechanismus<\/li>\n<li class=\"p1\">Enth\u00e4lt 2 K\u00fchlakkus, die dazu beitragen, das Futter deiner Katze l\u00e4nger frisch zu halten<\/li>\n<\/ul>\n<p><\/p>\n<p>F\u00fcttere deiner Katze bis zu 6 abwechslungsreiche Mahlzeiten pro Tag<\/p>\n<p>Mit dem Catit PIXI Smart-Futterautomaten mit 6 Mahlzeiten kannst du deiner Katze in jeder beliebigen Kombination oder Reihenfolge und zu jeder Zeit \u2013 Tag oder Nacht \u2013 bis zu 6 Portionen der Trockenfuttersorten, der Nassfuttersorten oder der Leckereien servieren, die deine Katze gerne frisst.<\/p>\n<p><\/p>\n<p>Serviere Trockenfutter, Nassfutter oder Leckereien in jeder beliebigen Kombination oder Reihenfolge<\/p>\n<p><\/p>\n<p>Die Mahlzeiten k\u00f6nnen ganz auf die Ern\u00e4hrungsbed\u00fcrfnisse deiner Katze abgestimmt werden<\/p>\n<p>(Der Catit PIXI Smart-Futterautomat mit 6 Mahlzeiten ist ausschlie\u00dflich auf ein 2,4-GHz-WiFi-Signal ausgelegt)<\/p>\n<p><\/p>\n<p>Plane und beobachte mit der kostenlosen Catit PIXI App (eine Registrierung ist nicht erforderlich) ganz m\u00fchelos die t\u00e4glichen Mahlzeiten deiner Katze.<\/p>\n<p><\/p>\n<p>Oder benutze das Bedienfeld auf dem Futterautomaten. Die App und der Futterautomat synchronisieren sich in Echtzeit.<\/p>\n<p><\/p>\n<\/div>\n","protected":false},"excerpt":{"rendered":"<p>Fernsteuerbarer Futterautomat f\u00fcr Katzen Serviert bis zu 6 abwechslungsreiche Mahlzeiten am Tag Trockenfutter, Nassfutter und Leckereien lassen sich beliebig kombinieren Mit der kostenlosen Catit PIXI App (nur f\u00fcr 2,4 GHz WiFi geeignet) kompatibel Plane die F\u00fctterungen \u00fcber die App oder das LCD-Bedienfeld Katzensichere Bedienfeldsperre &#038; Katzen-Schutz-Rotationsmechanismus Enth\u00e4lt 2 K\u00fchlakkus, die dazu beitragen, das Futter deiner [&hellip;]<\/p>\n","protected":false},"featured_media":49664,"comment_status":"closed","ping_status":"open","template":"","meta":[],"product_cat":[13740],"product_tag":[],"class_list":{"0":"post-49663","1":"product","2":"type-product","3":"status-publish","4":"has-post-thumbnail","6":"product_cat-futter-wassernaepfe","8":"first","9":"instock","10":"taxable","11":"shipping-taxable","12":"purchasable","13":"product-type-simple"},"_links":{"self":[{"href":"https:\/\/all-pets.de\/shop\/wp-json\/wp\/v2\/product\/49663","targetHints":{"allow":["GET"]}}],"collection":[{"href":"https:\/\/all-pets.de\/shop\/wp-json\/wp\/v2\/product"}],"about":[{"href":"https:\/\/all-pets.de\/shop\/wp-json\/wp\/v2\/types\/product"}],"replies":[{"embeddable":true,"href":"https:\/\/all-pets.de\/shop\/wp-json\/wp\/v2\/comments?post=49663"}],"wp:featuredmedia":[{"embeddable":true,"href":"https:\/\/all-pets.de\/shop\/wp-json\/wp\/v2\/media\/49664"}],"wp:attachment":[{"href":"https:\/\/all-pets.de\/shop\/wp-json\/wp\/v2\/media?parent=49663"}],"wp:term":[{"taxonomy":"product_cat","embeddable":true,"href":"https:\/\/all-pets.de\/shop\/wp-json\/wp\/v2\/product_cat?post=49663"},{"taxonomy":"product_tag","embeddable":true,"href":"https:\/\/all-pets.de\/shop\/wp-json\/wp\/v2\/product_tag?post=49663"}],"curies":[{"name":"wp","href":"https:\/\/api.w.org\/{rel}","templated":true}]}}