{"id":49667,"date":"2023-12-12T12:32:00","date_gmt":"2023-12-12T11:32:00","guid":{"rendered":"https:\/\/pet-shopping.de\/shop\/produkt\/catit-pixi-smart-mauskamera\/"},"modified":"2023-12-12T12:32:02","modified_gmt":"2023-12-12T11:32:02","slug":"catit-pixi-smart-mauskamera","status":"publish","type":"product","link":"https:\/\/all-pets.de\/shop\/produkt\/catit-pixi-smart-mauskamera\/","title":{"rendered":"Catit PIXI Smart-Mauskamera"},"content":{"rendered":"<p><strong>Mausf\u00f6rmige Kamera<\/strong><\/p>\n<ul>\n<li>Schau deiner Katze live zu und zeichne die Bilder auf<\/li>\n<li>Selektive Bewegungserkennung<\/li>\n<li>Automatische Nachtsicht<\/li>\n<li>Volle HD-Aufl\u00f6sung (1080p)<\/li>\n<li>Inklusive USB-C-Kabel und Adapter<\/li>\n<li>Kompatibel mit MicroSD-Karten (nicht enthalten)<\/li>\n<li>Kompatibel mit der Catit PIXI App (nur f\u00fcr 2,4 GHz WiFi geeignet)<\/li>\n<li>Kann alleine oder in Verbindung mit anderen Catit PIXI Smart-Ger\u00e4ten benutzt werden<\/li>\n<\/ul>\n<p><\/p>\n<p>Du m\u00f6chtest zu jeder Zeit wissen, was deine Katze macht? Kein Problem!<\/p>\n<p>Dank der Catit PIXI Smart-Mauskamera kannst du zu jeder Zeit nach deiner Katze schauen und sogar mit ihr sprechen oder ihr zuh\u00f6ren, auch wenn du nicht zu Hause bist.<\/p>\n<p><\/p>\n<p>Zwei-Wege-Audio<\/p>\n<p>Sprich mit deiner Katze und h\u00f6r ihr zu, auch wenn du nicht zu Hause bist.<\/p>\n<p><\/p>\n<p>Automatische Nachtsicht<\/p>\n<p>Klare Bilder auch in der Nacht<\/p>\n<p><\/p>\n<p>Live beobachten, aufzeichnen und Fotos machen<\/p>\n<p>Schau dir deine Katze live an oder zeichne die Aufnahmen auf oder gib wieder, was die Kamera automatisch aufgezeichnet hat (durch einen Timer oder durch die Bewegungserkennung).<br \/>*eine MicroSD-Karte ist nicht enthalten<\/p>\n<p><\/p>\n<p>Kompatibel mit Catit PIXI Smart-Ger\u00e4ten<\/p>\n<p>Kann alleine oder in Verbindung mit anderen PIXI Smart-Ger\u00e4ten benutzt werden, damit du deine Katze beobachten kannst, w\u00e4hrend sie frisst oder trinkt.<\/p><\/p>\n","protected":false},"excerpt":{"rendered":"<p>Mausf\u00f6rmige Kamera Schau deiner Katze live zu und zeichne die Bilder auf Selektive Bewegungserkennung Automatische Nachtsicht Volle HD-Aufl\u00f6sung (1080p) Inklusive USB-C-Kabel und Adapter Kompatibel mit MicroSD-Karten (nicht enthalten) Kompatibel mit der Catit PIXI App (nur f\u00fcr 2,4 GHz WiFi geeignet) Kann alleine oder in Verbindung mit anderen Catit PIXI Smart-Ger\u00e4ten benutzt werden Du m\u00f6chtest zu [&hellip;]<\/p>\n","protected":false},"featured_media":49668,"comment_status":"closed","ping_status":"open","template":"","meta":[],"product_cat":[13772],"product_tag":[],"class_list":{"0":"post-49667","1":"product","2":"type-product","3":"status-publish","4":"has-post-thumbnail","6":"product_cat-weitere-spielzeuge-katzenspielzeug","8":"first","9":"instock","10":"taxable","11":"shipping-taxable","12":"purchasable","13":"product-type-simple"},"_links":{"self":[{"href":"https:\/\/all-pets.de\/shop\/wp-json\/wp\/v2\/product\/49667","targetHints":{"allow":["GET"]}}],"collection":[{"href":"https:\/\/all-pets.de\/shop\/wp-json\/wp\/v2\/product"}],"about":[{"href":"https:\/\/all-pets.de\/shop\/wp-json\/wp\/v2\/types\/product"}],"replies":[{"embeddable":true,"href":"https:\/\/all-pets.de\/shop\/wp-json\/wp\/v2\/comments?post=49667"}],"wp:featuredmedia":[{"embeddable":true,"href":"https:\/\/all-pets.de\/shop\/wp-json\/wp\/v2\/media\/49668"}],"wp:attachment":[{"href":"https:\/\/all-pets.de\/shop\/wp-json\/wp\/v2\/media?parent=49667"}],"wp:term":[{"taxonomy":"product_cat","embeddable":true,"href":"https:\/\/all-pets.de\/shop\/wp-json\/wp\/v2\/product_cat?post=49667"},{"taxonomy":"product_tag","embeddable":true,"href":"https:\/\/all-pets.de\/shop\/wp-json\/wp\/v2\/product_tag?post=49667"}],"curies":[{"name":"wp","href":"https:\/\/api.w.org\/{rel}","templated":true}]}}