{"id":49675,"date":"2023-12-12T12:32:00","date_gmt":"2023-12-12T11:32:00","guid":{"rendered":"https:\/\/pet-shopping.de\/shop\/produkt\/catit-pixi-doppelnapf\/"},"modified":"2023-12-12T12:32:04","modified_gmt":"2023-12-12T11:32:04","slug":"catit-pixi-doppelnapf","status":"publish","type":"product","link":"https:\/\/all-pets.de\/shop\/produkt\/catit-pixi-doppelnapf\/","title":{"rendered":"Catit PIXI Doppelnapf"},"content":{"rendered":"<p><strong>Schnurrhaarfreundlicher Futternapf mit niedlichem Design<\/strong><\/p>\n<ul>\n<li>Idealer Napf f\u00fcr Trocken- und\/oder Nassfutter f\u00fcr Katzen<\/li>\n<li>Flaches, schnurrhaarfreundliches Design mit rutschfester Halterung<\/li>\n<li>Enth\u00e4lt einen Reservenapf<\/li>\n<li>Sp\u00fclmaschinengeeigneter Edelstahl<\/li>\n<li>Kapazit\u00e4t pro Napf: 200 ml<\/li>\n<li>Als Einzel- oder als Doppel-Napf erh\u00e4ltlich<\/li>\n<\/ul>\n<p><\/p>\n<p>F\u00fcr ein bequemes Fressen konzipiert<\/p>\n<p>Der flache Napf ber\u00fchrt nicht die empfindlichen Schnurrhaare deiner Katze<\/p>\n<p><\/p>\n<p>Futternapf \u2013 ergonomisch und langlebig<\/p>\n<p>Wenn es um die Versorgung deiner Samtpfote geht, geh\u00f6rt ein Futternapf zur Grundausstattung. Dabei ist die Auswahl an verschiedenen Futtern\u00e4pfen f\u00fcr Katzen riesig. Kein Wunder, dass du dir vielleicht auch gerade die Frage stellst, welcher Futternapf ist der richtig und gibt es \u00fcberhaupt Unterschiede bei Fressn\u00e4pfen f\u00fcr die Katze? Und ob! Ist ein Futternapf zu klein, zu tief und hat einen hohen Rand, st\u00f6\u00dft deine Katze mit ihren empfindlichen Schnurrhaaren seitlich an, was f\u00fcr sie sehr unangenehm ist. Es kommt h\u00e4ufig vor, dass Katzen dadurch ihr Fressen verschm\u00e4hen. Ideal sind hingegen hochwertige Futtern\u00e4pfe, die einen flachen Rand mitbringen. Beim Material stehen dir gleichsam viele Wege offen, wobei insbesondere Edelstahl oder Keramik eine gute Figur abgeben.<\/p>\n<p>Bei unserem Catit Napf haben wir die tats\u00e4chlichen Anspr\u00fcche von Katzen und Katzenhaltern ber\u00fccksichtigt. Wir haben uns Zeit genommen, ein Design zu entwickeln, das deinen Stubentiger optimal bei seinem individuellen Fressverhalten unterst\u00fctzt. Was dich bei einem Futternapf von Catit erwartet? Ein ergonomisches Format, sodass deine Katze beim Fressen eine nat\u00fcrliche Haltung einnehmen kann, schnurrbarthaarfreundliche Eigenschaften und eine komfortable Gr\u00f6\u00dfe. Unser rutschfester Futternapf ist aus hochwertigem Edelstahl gefertigt und sowohl f\u00fcr Trocken- als auch f\u00fcr Nassfutter geeignet. Serviere deiner Katze ab jetzt jeden Tag die richtige Portion in einem Fressnapf, den deine Katze lieben wird.<br \/>Warum ist die Auswahl des Futternapfs f\u00fcr die Katze so wichtig?<\/p>\n<p>Wenn du deine Katze schon einmal beobachtet hast, wenn sie sich gen\u00fcsslich \u00fcber ihre Mahlzeit hermacht, ist dir vielleicht aufgefallen, dass sie dabei eine ganz eigene Art des Fressens entwickelt hat. Es ist tats\u00e4chlich so, dass Katzen individuelle Fressgewohnheiten haben. W\u00e4hrend die einen jede Portion z\u00fcgig wegfuttern, lassen sich andere Zeit und fressen \u00fcber den Tag verteilt kleine Mengen. Manche Miezen setzen sogar ihre Pfoten.<\/p>\n<p>Ein guter Futternapf sollte stets das individuelle Fressverhalten einer Katze unterst\u00fctzen. Jedoch kann insbesondere das \u201eHerausangeln\u201c des Futters ein Zeichen daf\u00fcr sein, dass der Futternapf nicht zu deiner Katze passt. Entscheidend bei der Wahl eines Fressnapfs f\u00fcr die Katze ist die Form und die Gr\u00f6\u00dfe. Katzen haben besonders empfindliche Schnurrhaare, die ihnen als F\u00fchl- und Tastsinn dienen. Sie werden in der Fachterminologie auch als Vibrissen bezeichnet und helfen deiner Samtpfote, sich in ihrer Umgebung zu orientieren. Sto\u00dfen diese an den Rand eines Futternapfs, weil dieser zu flach, zu klein oder einen zu hohen Rand aufweist, ist das sehr unangenehm f\u00fcr sie, da die sensiblen Schnurrhaare ber\u00fchrt und verbogen werden.<\/p>\n<p>Was bedeutet das f\u00fcr einen Futternapf f\u00fcr die Katze? Wie bei unserem Catit Napf sollte der Rand flach sein. Zudem ist die richtige ausreichende H\u00f6he entscheidend daf\u00fcr, sodass die Seiten von den Schnurrhaaren nicht ber\u00fchrt werden. Beim Material stehen dir auf dem Markt Kunststoff, Keramik und Edelstahl zur Auswahl.<br \/>Kunststoffn\u00e4pfe<\/p>\n<p>Futtern\u00e4pfe aus Kunststoff sind g\u00fcnstig in der Anschaffung, m\u00fcssen aber sehr h\u00e4ufig ausgetauscht werden. Das liegt daran, dass sich mit der Zeit ein idealer N\u00e4hrboden f\u00fcr Bakterien und Keime entwickelt. Dar\u00fcber hinaus bringen sie einen starken Eigengeruch mit, den viele Katzen als unangenehm empfinden. Minderwertige Kunststoffn\u00e4pfe k\u00f6nnen mitunter sch\u00e4dliche Stoffe enthalten, die an das Futter abgegeben werden.<br \/>Keramikn\u00e4pfe<\/p>\n<p>Futtern\u00e4pfe aus Keramik sind aus einem lebensmittelechten Material hergestellt, bringen keinen Eigengeruch oder bedenkliche Stoffe mit. Formsch\u00f6ne Designs werden auch optischen Anspr\u00fcchen gerecht. Ebenso spricht die leichte Reinigung f\u00fcr einen Keramiknapf. Allerdings musst du mit dem Futternapf sehr vorsichtig umgehen, da er zerbrechlich ist.<br \/>Edelstahln\u00e4pfe<\/p>\n<p>Die meisten Katzenbesitzer bevorzugen bei der Wahl des Futternapfs Edelstahl. Der Rohstoff bringt im Vergleich zu allen anderen Materialien zahlreiche Vorteile mit. Er ist sowohl geschmacks- und geruchsneutral als auch lebensmittelecht. Die Reinigung ist besonders einfach und die Oberfl\u00e4che kratzresistent, sodass Keime und Bakterien keine Chance haben. So wie auch unsere Catit N\u00e4pfe aus Edelstahl sind sie robust und damit bruchsicher.<\/p>\n<p>Tipp: Katzen ben\u00f6tigen neben dem Fressen selbstverst\u00e4ndlich jeden Tag frisches Wasser. Deswegen gibt es doppelte Fressn\u00e4pfe. In die eine Schale f\u00fcllst du das Trinken und in die andere das Futter. Achte ferner darauf, dass ein Futternapf rutschfest ist. Ausgestattet mit einem Gummiring, bleibt er selbst bei wilden Feinschmeckern an Ort und Stelle stehen.<br \/>Unsere Catit Katzenn\u00e4pfe<\/p>\n<p>Der rutschfeste Catit Napf mit einem Volumen von 200 ml passt sich ideal der Anatomie deiner Katze an. Das Format ist schnurrhaarfreundlich und so flach konzipiert, dass die empfindlichen Schnurrhaare den Rand nicht ber\u00fchren. Gefertigt aus hochwertigem und sp\u00fclmaschinengeeignetem Edelstahl, steht einem hygienischen Futterplatz nichts mehr im Weg. Selbstverst\u00e4ndlich ist der Catit Napf, wahlweise als Einzel-Napf oder Doppel-Napf, f\u00fcr Trocken- und\/oder Nassfutter geeignet.<\/p>\n<p>F\u00fcr die kleine Belohnung zwischendurch greifst du auf unseren Futternapf in einer niedlichen Herzform aus Keramik zur\u00fcck. Mit einem praktischen Griff kannst du deiner Katze auf eine liebevolle Art und Weise das Catit Creamy reichen.<\/p>\n<p>Deine Katze frisst oft ihr Futter zu hastig? Probiere unseren smarten Anti-Schling-Napf aus. Aufgrund einer speziellen Bauweise verhindert er das Herunterschlingen und deine Katze muss sich automatisch mehr Zeit lassen.<\/p>\n","protected":false},"excerpt":{"rendered":"<p>Schnurrhaarfreundlicher Futternapf mit niedlichem Design Idealer Napf f\u00fcr Trocken- und\/oder Nassfutter f\u00fcr Katzen Flaches, schnurrhaarfreundliches Design mit rutschfester Halterung Enth\u00e4lt einen Reservenapf Sp\u00fclmaschinengeeigneter Edelstahl Kapazit\u00e4t pro Napf: 200 ml Als Einzel- oder als Doppel-Napf erh\u00e4ltlich F\u00fcr ein bequemes Fressen konzipiert Der flache Napf ber\u00fchrt nicht die empfindlichen Schnurrhaare deiner Katze Futternapf \u2013 ergonomisch und langlebig [&hellip;]<\/p>\n","protected":false},"featured_media":49676,"comment_status":"closed","ping_status":"open","template":"","meta":[],"product_cat":[13740],"product_tag":[],"class_list":{"0":"post-49675","1":"product","2":"type-product","3":"status-publish","4":"has-post-thumbnail","6":"product_cat-futter-wassernaepfe","8":"first","9":"instock","10":"taxable","11":"shipping-taxable","12":"purchasable","13":"product-type-simple"},"_links":{"self":[{"href":"https:\/\/all-pets.de\/shop\/wp-json\/wp\/v2\/product\/49675","targetHints":{"allow":["GET"]}}],"collection":[{"href":"https:\/\/all-pets.de\/shop\/wp-json\/wp\/v2\/product"}],"about":[{"href":"https:\/\/all-pets.de\/shop\/wp-json\/wp\/v2\/types\/product"}],"replies":[{"embeddable":true,"href":"https:\/\/all-pets.de\/shop\/wp-json\/wp\/v2\/comments?post=49675"}],"wp:featuredmedia":[{"embeddable":true,"href":"https:\/\/all-pets.de\/shop\/wp-json\/wp\/v2\/media\/49676"}],"wp:attachment":[{"href":"https:\/\/all-pets.de\/shop\/wp-json\/wp\/v2\/media?parent=49675"}],"wp:term":[{"taxonomy":"product_cat","embeddable":true,"href":"https:\/\/all-pets.de\/shop\/wp-json\/wp\/v2\/product_cat?post=49675"},{"taxonomy":"product_tag","embeddable":true,"href":"https:\/\/all-pets.de\/shop\/wp-json\/wp\/v2\/product_tag?post=49675"}],"curies":[{"name":"wp","href":"https:\/\/api.w.org\/{rel}","templated":true}]}}