{"id":49684,"date":"2023-12-12T12:32:06","date_gmt":"2023-12-12T11:32:06","guid":{"rendered":"https:\/\/pet-shopping.de\/shop\/produkt\/trixie-slow-feeding-futterplatte-hive\/"},"modified":"2023-12-12T12:32:06","modified_gmt":"2023-12-12T11:32:06","slug":"trixie-slow-feeding-futterplatte-hive","status":"publish","type":"product","link":"https:\/\/all-pets.de\/shop\/produkt\/trixie-slow-feeding-futterplatte-hive\/","title":{"rendered":"Trixie Slow Feeding Futterplatte Hive"},"content":{"rendered":"<div class=\"mb-3 row\">\n<div class=\"col\">\n<div class=\"description\">\n<ul>\n<li>verhindert das Schlingen<\/li>\n<li>f\u00fcr alle Futtersorten geeignet<\/li>\n<li>weiches Material schont Maul und Zahnfleisch<\/li>\n<li>rutschfest<\/li>\n<li>Kunststoff\/TPE\/TPR\u00a0<\/li>\n<li>tierschutzkonform nach \u00a7 18 (AT)<\/li>\n<li>sp\u00fclmaschinengeeignet<\/li>\n<li>Ma\u00dfe: ca. \u00f8 30 cm<\/li>\n<li>Farbe: grau\/blau<\/li>\n<\/ul>\n<\/div>\n<\/div>\n<\/div>\n","protected":false},"excerpt":{"rendered":"<p>verhindert das Schlingen f\u00fcr alle Futtersorten geeignet weiches Material schont Maul und Zahnfleisch rutschfest Kunststoff\/TPE\/TPR\u00a0 tierschutzkonform nach \u00a7 18 (AT) sp\u00fclmaschinengeeignet Ma\u00dfe: ca. \u00f8 30 cm Farbe: grau\/blau<\/p>\n","protected":false},"featured_media":49685,"comment_status":"closed","ping_status":"open","template":"","meta":[],"product_cat":[14361],"product_tag":[],"class_list":{"0":"post-49684","1":"product","2":"type-product","3":"status-publish","4":"has-post-thumbnail","6":"product_cat-futter-wassernaepfe-hundenaepfe-traenken","8":"first","9":"instock","10":"taxable","11":"shipping-taxable","12":"purchasable","13":"product-type-simple"},"_links":{"self":[{"href":"https:\/\/all-pets.de\/shop\/wp-json\/wp\/v2\/product\/49684","targetHints":{"allow":["GET"]}}],"collection":[{"href":"https:\/\/all-pets.de\/shop\/wp-json\/wp\/v2\/product"}],"about":[{"href":"https:\/\/all-pets.de\/shop\/wp-json\/wp\/v2\/types\/product"}],"replies":[{"embeddable":true,"href":"https:\/\/all-pets.de\/shop\/wp-json\/wp\/v2\/comments?post=49684"}],"wp:featuredmedia":[{"embeddable":true,"href":"https:\/\/all-pets.de\/shop\/wp-json\/wp\/v2\/media\/49685"}],"wp:attachment":[{"href":"https:\/\/all-pets.de\/shop\/wp-json\/wp\/v2\/media?parent=49684"}],"wp:term":[{"taxonomy":"product_cat","embeddable":true,"href":"https:\/\/all-pets.de\/shop\/wp-json\/wp\/v2\/product_cat?post=49684"},{"taxonomy":"product_tag","embeddable":true,"href":"https:\/\/all-pets.de\/shop\/wp-json\/wp\/v2\/product_tag?post=49684"}],"curies":[{"name":"wp","href":"https:\/\/api.w.org\/{rel}","templated":true}]}}