{"id":49692,"date":"2023-12-12T12:32:06","date_gmt":"2023-12-12T11:32:06","guid":{"rendered":"https:\/\/pet-shopping.de\/shop\/produkt\/trixie-slow-feeding-keramiknapf\/"},"modified":"2023-12-12T12:32:08","modified_gmt":"2023-12-12T11:32:08","slug":"trixie-slow-feeding-keramiknapf","status":"publish","type":"product","link":"https:\/\/all-pets.de\/shop\/produkt\/trixie-slow-feeding-keramiknapf\/","title":{"rendered":"Trixie Slow Feeding Keramiknapf"},"content":{"rendered":"<div class=\"mb-3 row\">\n<div class=\"col\">\n<div class=\"description\">\n<ul>\n<li>flache Ausf\u00fchrung<\/li>\n<li>verhindert das Schlingen<\/li>\n<li>f\u00fcr alle Futtersorten geeignet<\/li>\n<li>tierschutzkonform nach \u00a7 18 (AT)<\/li>\n<li>sp\u00fclmaschinengeeignet<\/li>\n<li>Ma\u00dfe: ca. 0,25 l\/\u00f8 18 cm<\/li>\n<li>Diverse Farben. Eine Farbwahl ist leider nicht m\u00f6glich, da die Farbe je nach Lagerbestand gew\u00e4hlt wird.<\/li>\n<\/ul>\n<\/div>\n<\/div>\n<\/div>\n","protected":false},"excerpt":{"rendered":"<p>flache Ausf\u00fchrung verhindert das Schlingen f\u00fcr alle Futtersorten geeignet tierschutzkonform nach \u00a7 18 (AT) sp\u00fclmaschinengeeignet Ma\u00dfe: ca. 0,25 l\/\u00f8 18 cm Diverse Farben. Eine Farbwahl ist leider nicht m\u00f6glich, da die Farbe je nach Lagerbestand gew\u00e4hlt wird.<\/p>\n","protected":false},"featured_media":49693,"comment_status":"closed","ping_status":"open","template":"","meta":[],"product_cat":[13740],"product_tag":[],"class_list":{"0":"post-49692","1":"product","2":"type-product","3":"status-publish","4":"has-post-thumbnail","6":"product_cat-futter-wassernaepfe","8":"first","9":"instock","10":"taxable","11":"shipping-taxable","12":"purchasable","13":"product-type-simple"},"_links":{"self":[{"href":"https:\/\/all-pets.de\/shop\/wp-json\/wp\/v2\/product\/49692","targetHints":{"allow":["GET"]}}],"collection":[{"href":"https:\/\/all-pets.de\/shop\/wp-json\/wp\/v2\/product"}],"about":[{"href":"https:\/\/all-pets.de\/shop\/wp-json\/wp\/v2\/types\/product"}],"replies":[{"embeddable":true,"href":"https:\/\/all-pets.de\/shop\/wp-json\/wp\/v2\/comments?post=49692"}],"wp:featuredmedia":[{"embeddable":true,"href":"https:\/\/all-pets.de\/shop\/wp-json\/wp\/v2\/media\/49693"}],"wp:attachment":[{"href":"https:\/\/all-pets.de\/shop\/wp-json\/wp\/v2\/media?parent=49692"}],"wp:term":[{"taxonomy":"product_cat","embeddable":true,"href":"https:\/\/all-pets.de\/shop\/wp-json\/wp\/v2\/product_cat?post=49692"},{"taxonomy":"product_tag","embeddable":true,"href":"https:\/\/all-pets.de\/shop\/wp-json\/wp\/v2\/product_tag?post=49692"}],"curies":[{"name":"wp","href":"https:\/\/api.w.org\/{rel}","templated":true}]}}