{"id":49720,"date":"2023-12-12T12:32:14","date_gmt":"2023-12-12T11:32:14","guid":{"rendered":"https:\/\/pet-shopping.de\/shop\/produkt\/trixie-slow-feeding-edelstahlnapf-1-l\/"},"modified":"2023-12-12T12:32:14","modified_gmt":"2023-12-12T11:32:14","slug":"trixie-slow-feeding-edelstahlnapf-1-l","status":"publish","type":"product","link":"https:\/\/all-pets.de\/shop\/produkt\/trixie-slow-feeding-edelstahlnapf-1-l\/","title":{"rendered":"Trixie Slow Feeding Edelstahlnapf &#8211; 1 l"},"content":{"rendered":"<div class=\"mb-3 row\">\n<div class=\"col\">\n<div class=\"description\">\n<ul>\n<li>verhindert das Schlingen<\/li>\n<li>f\u00fcr alle Futtersorten geeignet<\/li>\n<li>rutschfest durch Gummiring<\/li>\n<li>mit Kunststoffmantel<\/li>\n<li>sp\u00fclmaschinenfest<\/li>\n<li>Ma\u00dfe: ca. 1 l\/\u00f8 21 cm<\/li>\n<li>Diverse Farben. Eine Farbwahl ist leider nicht m\u00f6glich, da die Farbe je nach Lagerbestand gew\u00e4hlt wird.<\/li>\n<\/ul>\n<\/div>\n<\/div>\n<\/div>\n","protected":false},"excerpt":{"rendered":"<p>verhindert das Schlingen f\u00fcr alle Futtersorten geeignet rutschfest durch Gummiring mit Kunststoffmantel sp\u00fclmaschinenfest Ma\u00dfe: ca. 1 l\/\u00f8 21 cm Diverse Farben. Eine Farbwahl ist leider nicht m\u00f6glich, da die Farbe je nach Lagerbestand gew\u00e4hlt wird.<\/p>\n","protected":false},"featured_media":49721,"comment_status":"closed","ping_status":"open","template":"","meta":[],"product_cat":[14361],"product_tag":[],"class_list":{"0":"post-49720","1":"product","2":"type-product","3":"status-publish","4":"has-post-thumbnail","6":"product_cat-futter-wassernaepfe-hundenaepfe-traenken","8":"first","9":"instock","10":"taxable","11":"shipping-taxable","12":"purchasable","13":"product-type-simple"},"_links":{"self":[{"href":"https:\/\/all-pets.de\/shop\/wp-json\/wp\/v2\/product\/49720","targetHints":{"allow":["GET"]}}],"collection":[{"href":"https:\/\/all-pets.de\/shop\/wp-json\/wp\/v2\/product"}],"about":[{"href":"https:\/\/all-pets.de\/shop\/wp-json\/wp\/v2\/types\/product"}],"replies":[{"embeddable":true,"href":"https:\/\/all-pets.de\/shop\/wp-json\/wp\/v2\/comments?post=49720"}],"wp:featuredmedia":[{"embeddable":true,"href":"https:\/\/all-pets.de\/shop\/wp-json\/wp\/v2\/media\/49721"}],"wp:attachment":[{"href":"https:\/\/all-pets.de\/shop\/wp-json\/wp\/v2\/media?parent=49720"}],"wp:term":[{"taxonomy":"product_cat","embeddable":true,"href":"https:\/\/all-pets.de\/shop\/wp-json\/wp\/v2\/product_cat?post=49720"},{"taxonomy":"product_tag","embeddable":true,"href":"https:\/\/all-pets.de\/shop\/wp-json\/wp\/v2\/product_tag?post=49720"}],"curies":[{"name":"wp","href":"https:\/\/api.w.org\/{rel}","templated":true}]}}