{"id":49730,"date":"2023-12-12T12:32:14","date_gmt":"2023-12-12T11:32:14","guid":{"rendered":"https:\/\/pet-shopping.de\/shop\/produkt\/trixie-napfunterlage-mandala-katze-44-x-28-cm\/"},"modified":"2023-12-12T12:32:16","modified_gmt":"2023-12-12T11:32:16","slug":"trixie-napfunterlage-mandala-katze-44-x-28-cm","status":"publish","type":"product","link":"https:\/\/all-pets.de\/shop\/produkt\/trixie-napfunterlage-mandala-katze-44-x-28-cm\/","title":{"rendered":"Trixie Napfunterlage Mandala Katze &#8211; 44 \u00d7 28 cm"},"content":{"rendered":"<ul>\n<li>Kunststoff<\/li>\n<li>rutschfest<\/li>\n<li>Ma\u00dfe: ca. 44 \u00d7 28 cm<\/li>\n<li>Farbe: wei\u00df\/schwarz<\/li>\n<\/ul>\n","protected":false},"excerpt":{"rendered":"<p>Kunststoff rutschfest Ma\u00dfe: ca. 44 \u00d7 28 cm Farbe: wei\u00df\/schwarz<\/p>\n","protected":false},"featured_media":49731,"comment_status":"closed","ping_status":"open","template":"","meta":[],"product_cat":[13827],"product_tag":[],"class_list":{"0":"post-49730","1":"product","2":"type-product","3":"status-publish","4":"has-post-thumbnail","6":"product_cat-napfunterlagen-katzennaepfe-traenken","8":"first","9":"instock","10":"taxable","11":"shipping-taxable","12":"purchasable","13":"product-type-simple"},"_links":{"self":[{"href":"https:\/\/all-pets.de\/shop\/wp-json\/wp\/v2\/product\/49730","targetHints":{"allow":["GET"]}}],"collection":[{"href":"https:\/\/all-pets.de\/shop\/wp-json\/wp\/v2\/product"}],"about":[{"href":"https:\/\/all-pets.de\/shop\/wp-json\/wp\/v2\/types\/product"}],"replies":[{"embeddable":true,"href":"https:\/\/all-pets.de\/shop\/wp-json\/wp\/v2\/comments?post=49730"}],"wp:featuredmedia":[{"embeddable":true,"href":"https:\/\/all-pets.de\/shop\/wp-json\/wp\/v2\/media\/49731"}],"wp:attachment":[{"href":"https:\/\/all-pets.de\/shop\/wp-json\/wp\/v2\/media?parent=49730"}],"wp:term":[{"taxonomy":"product_cat","embeddable":true,"href":"https:\/\/all-pets.de\/shop\/wp-json\/wp\/v2\/product_cat?post=49730"},{"taxonomy":"product_tag","embeddable":true,"href":"https:\/\/all-pets.de\/shop\/wp-json\/wp\/v2\/product_tag?post=49730"}],"curies":[{"name":"wp","href":"https:\/\/api.w.org\/{rel}","templated":true}]}}