{"id":49736,"date":"2023-12-12T12:32:14","date_gmt":"2023-12-12T11:32:14","guid":{"rendered":"https:\/\/pet-shopping.de\/shop\/produkt\/trixie-cat-activity-rod-board\/"},"modified":"2023-12-12T12:32:17","modified_gmt":"2023-12-12T11:32:17","slug":"trixie-cat-activity-rod-board","status":"publish","type":"product","link":"https:\/\/all-pets.de\/shop\/produkt\/trixie-cat-activity-rod-board\/","title":{"rendered":"Trixie Cat Activity Rod Board"},"content":{"rendered":"<div class=\"mb-3 row\">\n<div class=\"col\">\n<div class=\"description\">\n<ul>\n<li>Brettspiel mit St\u00e4bchen und Vertiefungen<\/li>\n<li>rutschfest durch Gummif\u00fc\u00dfe<\/li>\n<li>Kunststoff<\/li>\n<li>inkl. Trainingsanleitung<\/li>\n<li>sp\u00fclmaschinengeeignet<\/li>\n<li>Ma\u00dfe: ca. 35 \u00d7 19,5 cm<\/li>\n<\/ul>\n<\/div>\n<\/div>\n<\/div>\n","protected":false},"excerpt":{"rendered":"<p>Brettspiel mit St\u00e4bchen und Vertiefungen rutschfest durch Gummif\u00fc\u00dfe Kunststoff inkl. Trainingsanleitung sp\u00fclmaschinengeeignet Ma\u00dfe: ca. 35 \u00d7 19,5 cm<\/p>\n","protected":false},"featured_media":49737,"comment_status":"closed","ping_status":"open","template":"","meta":[],"product_cat":[13782],"product_tag":[],"class_list":{"0":"post-49736","1":"product","2":"type-product","3":"status-publish","4":"has-post-thumbnail","6":"product_cat-intelligenz-spielzeug","8":"first","9":"instock","10":"taxable","11":"shipping-taxable","12":"purchasable","13":"product-type-simple"},"_links":{"self":[{"href":"https:\/\/all-pets.de\/shop\/wp-json\/wp\/v2\/product\/49736","targetHints":{"allow":["GET"]}}],"collection":[{"href":"https:\/\/all-pets.de\/shop\/wp-json\/wp\/v2\/product"}],"about":[{"href":"https:\/\/all-pets.de\/shop\/wp-json\/wp\/v2\/types\/product"}],"replies":[{"embeddable":true,"href":"https:\/\/all-pets.de\/shop\/wp-json\/wp\/v2\/comments?post=49736"}],"wp:featuredmedia":[{"embeddable":true,"href":"https:\/\/all-pets.de\/shop\/wp-json\/wp\/v2\/media\/49737"}],"wp:attachment":[{"href":"https:\/\/all-pets.de\/shop\/wp-json\/wp\/v2\/media?parent=49736"}],"wp:term":[{"taxonomy":"product_cat","embeddable":true,"href":"https:\/\/all-pets.de\/shop\/wp-json\/wp\/v2\/product_cat?post=49736"},{"taxonomy":"product_tag","embeddable":true,"href":"https:\/\/all-pets.de\/shop\/wp-json\/wp\/v2\/product_tag?post=49736"}],"curies":[{"name":"wp","href":"https:\/\/api.w.org\/{rel}","templated":true}]}}