{"id":49752,"date":"2023-12-12T12:32:14","date_gmt":"2023-12-12T11:32:14","guid":{"rendered":"https:\/\/pet-shopping.de\/shop\/produkt\/trixie-heuraufe-zum-aufstellen-40-x-22-x-30-cm\/"},"modified":"2023-12-12T12:32:20","modified_gmt":"2023-12-12T11:32:20","slug":"trixie-heuraufe-zum-aufstellen-40-x-22-x-30-cm","status":"publish","type":"product","link":"https:\/\/all-pets.de\/shop\/produkt\/trixie-heuraufe-zum-aufstellen-40-x-22-x-30-cm\/","title":{"rendered":"Trixie Heuraufe zum Aufstellen &#8211; 40 \u00d7 22 \u00d7 30 cm"},"content":{"rendered":"<div class=\"mb-3 row\">\n<div class=\"col\">\n<div class=\"description\">\n<ul>\n<li>mit Boden, erleichtert die Sauberhaltung der Umgebung <\/li>\n<li>Dach sowie extra Boden sch\u00fctzen Futter und Heu vor Feuchtigkeit<\/li>\n<li>zus\u00e4tzliche \u00d6ffnungen f\u00fcr Zweige und Gem\u00fcse<\/li>\n<li>mit Aussichtsplatz auf dem Dach<\/li>\n<li>mit Deckel, dadurch kein Verletzungsrisiko<\/li>\n<li>Dach aufklappbar<\/li>\n<li>Rindenholz<\/li>\n<li>Ma\u00dfe: ca. 40 \u00d7 22 \u00d7 30 cm<\/li>\n<li>f\u00fcr z. B.: Meerschweinchen, Kaninchen<\/li>\n<\/ul>\n<\/div>\n<\/div>\n<\/div>\n","protected":false},"excerpt":{"rendered":"<p>mit Boden, erleichtert die Sauberhaltung der Umgebung Dach sowie extra Boden sch\u00fctzen Futter und Heu vor Feuchtigkeit zus\u00e4tzliche \u00d6ffnungen f\u00fcr Zweige und Gem\u00fcse mit Aussichtsplatz auf dem Dach mit Deckel, dadurch kein Verletzungsrisiko Dach aufklappbar Rindenholz Ma\u00dfe: ca. 40 \u00d7 22 \u00d7 30 cm f\u00fcr z. B.: Meerschweinchen, Kaninchen<\/p>\n","protected":false},"featured_media":49753,"comment_status":"closed","ping_status":"open","template":"","meta":[],"product_cat":[13722],"product_tag":[],"class_list":{"0":"post-49752","1":"product","2":"type-product","3":"status-publish","4":"has-post-thumbnail","6":"product_cat-heuraufen","8":"first","9":"instock","10":"taxable","11":"shipping-taxable","12":"purchasable","13":"product-type-simple"},"_links":{"self":[{"href":"https:\/\/all-pets.de\/shop\/wp-json\/wp\/v2\/product\/49752","targetHints":{"allow":["GET"]}}],"collection":[{"href":"https:\/\/all-pets.de\/shop\/wp-json\/wp\/v2\/product"}],"about":[{"href":"https:\/\/all-pets.de\/shop\/wp-json\/wp\/v2\/types\/product"}],"replies":[{"embeddable":true,"href":"https:\/\/all-pets.de\/shop\/wp-json\/wp\/v2\/comments?post=49752"}],"wp:featuredmedia":[{"embeddable":true,"href":"https:\/\/all-pets.de\/shop\/wp-json\/wp\/v2\/media\/49753"}],"wp:attachment":[{"href":"https:\/\/all-pets.de\/shop\/wp-json\/wp\/v2\/media?parent=49752"}],"wp:term":[{"taxonomy":"product_cat","embeddable":true,"href":"https:\/\/all-pets.de\/shop\/wp-json\/wp\/v2\/product_cat?post=49752"},{"taxonomy":"product_tag","embeddable":true,"href":"https:\/\/all-pets.de\/shop\/wp-json\/wp\/v2\/product_tag?post=49752"}],"curies":[{"name":"wp","href":"https:\/\/api.w.org\/{rel}","templated":true}]}}