{"id":49756,"date":"2023-12-12T12:32:22","date_gmt":"2023-12-12T11:32:22","guid":{"rendered":"https:\/\/pet-shopping.de\/shop\/produkt\/trixie-heuraufe-zum-aufstellen-aus-geflammtem-holz\/"},"modified":"2023-12-12T12:32:22","modified_gmt":"2023-12-12T11:32:22","slug":"trixie-heuraufe-zum-aufstellen-aus-geflammtem-holz","status":"publish","type":"product","link":"https:\/\/all-pets.de\/shop\/produkt\/trixie-heuraufe-zum-aufstellen-aus-geflammtem-holz\/","title":{"rendered":"Trixie Heuraufe zum Aufstellen aus geflammtem Holz"},"content":{"rendered":"<ul>\n<li>nat\u00fcrliche Fresshaltung<\/li>\n<li>mit Deckel, dadurch kein Verletzungsrisiko<\/li>\n<li>geflammtes Holz<\/li>\n<li>tierschutzkonform nach \u00a7 18 (AT)<\/li>\n<li>Ma\u00dfe: ca. 25 \u00d7 22 \u00d7 18 cm<\/li>\n<\/ul>\n<div class=\"infotextWrap\">\n<p>Wir legen viel Wert auf die Gesundheit Ihres Tieres. Aus diesem Grund verwenden wir nur Holzarten, die keine Harzkan\u00e4le besitzen und Leimsorten, die ungiftig sind.<\/p>\n<\/div>\n","protected":false},"excerpt":{"rendered":"<p>nat\u00fcrliche Fresshaltung mit Deckel, dadurch kein Verletzungsrisiko geflammtes Holz tierschutzkonform nach \u00a7 18 (AT) Ma\u00dfe: ca. 25 \u00d7 22 \u00d7 18 cm Wir legen viel Wert auf die Gesundheit Ihres Tieres. Aus diesem Grund verwenden wir nur Holzarten, die keine Harzkan\u00e4le besitzen und Leimsorten, die ungiftig sind.<\/p>\n","protected":false},"featured_media":49757,"comment_status":"closed","ping_status":"open","template":"","meta":[],"product_cat":[13722],"product_tag":[],"class_list":{"0":"post-49756","1":"product","2":"type-product","3":"status-publish","4":"has-post-thumbnail","6":"product_cat-heuraufen","8":"first","9":"instock","10":"taxable","11":"shipping-taxable","12":"purchasable","13":"product-type-simple"},"_links":{"self":[{"href":"https:\/\/all-pets.de\/shop\/wp-json\/wp\/v2\/product\/49756","targetHints":{"allow":["GET"]}}],"collection":[{"href":"https:\/\/all-pets.de\/shop\/wp-json\/wp\/v2\/product"}],"about":[{"href":"https:\/\/all-pets.de\/shop\/wp-json\/wp\/v2\/types\/product"}],"replies":[{"embeddable":true,"href":"https:\/\/all-pets.de\/shop\/wp-json\/wp\/v2\/comments?post=49756"}],"wp:featuredmedia":[{"embeddable":true,"href":"https:\/\/all-pets.de\/shop\/wp-json\/wp\/v2\/media\/49757"}],"wp:attachment":[{"href":"https:\/\/all-pets.de\/shop\/wp-json\/wp\/v2\/media?parent=49756"}],"wp:term":[{"taxonomy":"product_cat","embeddable":true,"href":"https:\/\/all-pets.de\/shop\/wp-json\/wp\/v2\/product_cat?post=49756"},{"taxonomy":"product_tag","embeddable":true,"href":"https:\/\/all-pets.de\/shop\/wp-json\/wp\/v2\/product_tag?post=49756"}],"curies":[{"name":"wp","href":"https:\/\/api.w.org\/{rel}","templated":true}]}}