{"id":49763,"date":"2023-12-12T12:32:22","date_gmt":"2023-12-12T11:32:22","guid":{"rendered":"https:\/\/pet-shopping.de\/shop\/produkt\/trixie-kratzbaum-harvey-weiss-braun\/"},"modified":"2023-12-12T12:32:24","modified_gmt":"2023-12-12T11:32:24","slug":"trixie-kratzbaum-harvey-weiss-braun","status":"publish","type":"product","link":"https:\/\/all-pets.de\/shop\/produkt\/trixie-kratzbaum-harvey-weiss-braun\/","title":{"rendered":"Trixie Kratzbaum Harvey &#8211; wei\u00df-braun"},"content":{"rendered":"<div class=\"tab-content\">\n<div id=\"description\" class=\"tab-pane active\" itemprop=\"description\">\n<ul>\n<li>Jute: Durchmesser 4 mm\/Langhaar-Pl\u00fcsch (Polyester): 310 g\/m\u00b2<\/li>\n<li>Kuschelbett mit gepolstertem Rand<\/li>\n<li>H\u00f6hle mit Fleece (Polyester) und Wendekissen (Handw\u00e4sche) ausgestattet<\/li>\n<li>H\u00f6he: ca. 73 cm<\/li>\n<li>Grundfl\u00e4che: ca. 54 x 40 cm<\/li>\n<li>Stammdurchmesser: ca. 9 cm<\/li>\n<li>Farbe: wei\u00df-braun<\/li>\n<\/ul>\n<\/div>\n<\/div>\n","protected":false},"excerpt":{"rendered":"<p>Jute: Durchmesser 4 mm\/Langhaar-Pl\u00fcsch (Polyester): 310 g\/m\u00b2 Kuschelbett mit gepolstertem Rand H\u00f6hle mit Fleece (Polyester) und Wendekissen (Handw\u00e4sche) ausgestattet H\u00f6he: ca. 73 cm Grundfl\u00e4che: ca. 54 x 40 cm Stammdurchmesser: ca. 9 cm Farbe: wei\u00df-braun<\/p>\n","protected":false},"featured_media":49764,"comment_status":"closed","ping_status":"open","template":"","meta":[],"product_cat":[15241],"product_tag":[],"class_list":{"0":"post-49763","1":"product","2":"type-product","3":"status-publish","4":"has-post-thumbnail","6":"product_cat-neue-katzenartikel","8":"first","9":"instock","10":"taxable","11":"shipping-taxable","12":"purchasable","13":"product-type-simple"},"_links":{"self":[{"href":"https:\/\/all-pets.de\/shop\/wp-json\/wp\/v2\/product\/49763","targetHints":{"allow":["GET"]}}],"collection":[{"href":"https:\/\/all-pets.de\/shop\/wp-json\/wp\/v2\/product"}],"about":[{"href":"https:\/\/all-pets.de\/shop\/wp-json\/wp\/v2\/types\/product"}],"replies":[{"embeddable":true,"href":"https:\/\/all-pets.de\/shop\/wp-json\/wp\/v2\/comments?post=49763"}],"wp:featuredmedia":[{"embeddable":true,"href":"https:\/\/all-pets.de\/shop\/wp-json\/wp\/v2\/media\/49764"}],"wp:attachment":[{"href":"https:\/\/all-pets.de\/shop\/wp-json\/wp\/v2\/media?parent=49763"}],"wp:term":[{"taxonomy":"product_cat","embeddable":true,"href":"https:\/\/all-pets.de\/shop\/wp-json\/wp\/v2\/product_cat?post=49763"},{"taxonomy":"product_tag","embeddable":true,"href":"https:\/\/all-pets.de\/shop\/wp-json\/wp\/v2\/product_tag?post=49763"}],"curies":[{"name":"wp","href":"https:\/\/api.w.org\/{rel}","templated":true}]}}