{"id":49768,"date":"2023-12-12T12:32:22","date_gmt":"2023-12-12T11:32:22","guid":{"rendered":"https:\/\/pet-shopping.de\/shop\/produkt\/trixie-langhaar-fell-entwirrer-7-x-14-cm\/"},"modified":"2023-12-12T12:32:25","modified_gmt":"2023-12-12T11:32:25","slug":"trixie-langhaar-fell-entwirrer-7-x-14-cm","status":"publish","type":"product","link":"https:\/\/all-pets.de\/shop\/produkt\/trixie-langhaar-fell-entwirrer-7-x-14-cm\/","title":{"rendered":"Trixie Langhaar-Fell-Entwirrer &#8211; 7 x 14 cm"},"content":{"rendered":"<div class=\"tab-content\">\n<div id=\"description\" class=\"tab-pane active\" itemprop=\"description\">\n<p>Dieser Fellentwirrer hat einen Kunststoffgriff mit rutschfester Gummieinlage und besitzt rotierende, abgerundete Zinken zur schonenden Fellpflege. Er dient der besonderen Pflege der Unterwolle. <\/p>\n<p>Zinkenl\u00e4nge: ca. 2 cm. <br \/> Gesamtma\u00dfe: ca. 7 x 14 cm<\/p>\n<p>F\u00fcr folgende Felltypen geeignet:<\/p>\n<p>Langhaar, Seidenhaar oder Langhaarkatzen: Mittellanges bis langes, seidiges oder dichtes Deckhaar entweder mit feiner oder mit weicher, \u00fcppiger Unterwolle<br \/> \u00a0\u00a0\u00a0\u00a0\u00a0\u00a0 \u00a0<br \/> Beispiel Langhaar: Collie Golden Retriever Berner Sennenhund Border Collie<br \/> Beispiel Seidenhaar: Yorkshire Terrier Setter Langhaardackel Spaniel Malteser<br \/> Beispiel Langhaarkatzen: Main Coon Norwegische Waldkatze Perser<\/p>\n<p>Zotthaar: Deckhaar und Unterwolle lang, \u00fcppig und zottig<br \/> Beispiel: Bobtail Briard Tibet Terrier Bearded Collie\u00a0 <\/p>\n<\/div>\n<\/div>\n","protected":false},"excerpt":{"rendered":"<p>Dieser Fellentwirrer hat einen Kunststoffgriff mit rutschfester Gummieinlage und besitzt rotierende, abgerundete Zinken zur schonenden Fellpflege. Er dient der besonderen Pflege der Unterwolle. Zinkenl\u00e4nge: ca. 2 cm. Gesamtma\u00dfe: ca. 7 x 14 cm F\u00fcr folgende Felltypen geeignet: Langhaar, Seidenhaar oder Langhaarkatzen: Mittellanges bis langes, seidiges oder dichtes Deckhaar entweder mit feiner oder mit weicher, \u00fcppiger [&hellip;]<\/p>\n","protected":false},"featured_media":49769,"comment_status":"closed","ping_status":"open","template":"","meta":[],"product_cat":[15253],"product_tag":[],"class_list":{"0":"post-49768","1":"product","2":"type-product","3":"status-publish","4":"has-post-thumbnail","6":"product_cat-fellkaemme-fellpflege-pflege-gesundheit-entfilzungskaemmehundewelt-2","8":"first","9":"instock","10":"taxable","11":"shipping-taxable","12":"purchasable","13":"product-type-simple"},"_links":{"self":[{"href":"https:\/\/all-pets.de\/shop\/wp-json\/wp\/v2\/product\/49768","targetHints":{"allow":["GET"]}}],"collection":[{"href":"https:\/\/all-pets.de\/shop\/wp-json\/wp\/v2\/product"}],"about":[{"href":"https:\/\/all-pets.de\/shop\/wp-json\/wp\/v2\/types\/product"}],"replies":[{"embeddable":true,"href":"https:\/\/all-pets.de\/shop\/wp-json\/wp\/v2\/comments?post=49768"}],"wp:featuredmedia":[{"embeddable":true,"href":"https:\/\/all-pets.de\/shop\/wp-json\/wp\/v2\/media\/49769"}],"wp:attachment":[{"href":"https:\/\/all-pets.de\/shop\/wp-json\/wp\/v2\/media?parent=49768"}],"wp:term":[{"taxonomy":"product_cat","embeddable":true,"href":"https:\/\/all-pets.de\/shop\/wp-json\/wp\/v2\/product_cat?post=49768"},{"taxonomy":"product_tag","embeddable":true,"href":"https:\/\/all-pets.de\/shop\/wp-json\/wp\/v2\/product_tag?post=49768"}],"curies":[{"name":"wp","href":"https:\/\/api.w.org\/{rel}","templated":true}]}}