{"id":49772,"date":"2023-12-12T12:32:22","date_gmt":"2023-12-12T11:32:22","guid":{"rendered":"https:\/\/pet-shopping.de\/shop\/produkt\/jr-farm-plasticfree-gras-labyrinth\/"},"modified":"2023-12-12T12:32:26","modified_gmt":"2023-12-12T11:32:26","slug":"jr-farm-plasticfree-gras-labyrinth","status":"publish","type":"product","link":"https:\/\/all-pets.de\/shop\/produkt\/jr-farm-plasticfree-gras-labyrinth\/","title":{"rendered":"JR FARM PlasticFree Gras-Labyrinth"},"content":{"rendered":"<p>B\u00fchne frei f\u00fcr agile Heimtiere! Verstecke einfach ein paar Leckereien in den verschlungenen Wegen des Labyrinths und lade deine Nager und Zwergkaninchen zur abenteuerlichen Futtersuche ein. Diese Besch\u00e4ftigungsidee f\u00f6rdert die Sinne und die Intelligenz der Tiere. Aber erst darfst du deine Bauk\u00fcnste beweisen! Stecke das Set aus 12 Graskarton-Platten so zusammen, dass dabei ein Labyrinth entsteht. Lege nun an verschiedenen Stellen verlockende Snacks in die einzelnen Abschnitte. Du wirst sehen, deine Tiere werden sich sofort auf den Weg machen und ihren Spa\u00df haben. Dieses Vergn\u00fcgen f\u00f6rdert nicht nur die Intelligenz, sondern ebenso die Motivation und Bewegungsfreude der Tiere.<\/p>\n<p>Aber erst darfst du deine Bauk\u00fcnste beweisen! Stecke das Set aus 12 Graskarton-Platten so zusammen, dass dabei ein Labyrinth entsteht. Lege nun an verschiedenen Stellen verlockende Snacks in die einzelnen Abschnitte. Du wirst sehen, deine Tiere werden sich sofort auf den Weg machen und ihren Spa\u00df haben. Dieses Vergn\u00fcgen f\u00f6rdert nicht nur die Intelligenz, sondern ebenso die Motivation und Bewegungsfreude der Tiere. Der Graskarton besteht zu mind. 30 % aus Gras. Gras ist ein schnell nachwachsender Rohstoff und ist somit eine ressourcen- und umweltschonende Alternative. Zudem wird bei der Herstellung weniger Wasser ben\u00f6tigt und CO2 Emissionen werden eingespart.<\/p>\n<p>Inhalt: 12 Platten Ma\u00df einer Platte: 26 x 58 cm Durchmesser \u00d6ffnung: 18 cm<\/p>\n","protected":false},"excerpt":{"rendered":"<p>B\u00fchne frei f\u00fcr agile Heimtiere! Verstecke einfach ein paar Leckereien in den verschlungenen Wegen des Labyrinths und lade deine Nager und Zwergkaninchen zur abenteuerlichen Futtersuche ein. Diese Besch\u00e4ftigungsidee f\u00f6rdert die Sinne und die Intelligenz der Tiere. Aber erst darfst du deine Bauk\u00fcnste beweisen! Stecke das Set aus 12 Graskarton-Platten so zusammen, dass dabei ein Labyrinth [&hellip;]<\/p>\n","protected":false},"featured_media":49773,"comment_status":"closed","ping_status":"open","template":"","meta":[],"product_cat":[15254],"product_tag":[],"class_list":{"0":"post-49772","1":"product","2":"type-product","3":"status-publish","4":"has-post-thumbnail","6":"product_cat-spiel-sport-ausstattung-zubehoer-jr-farmkleintierwelt","8":"first","9":"instock","10":"taxable","11":"shipping-taxable","12":"purchasable","13":"product-type-simple"},"_links":{"self":[{"href":"https:\/\/all-pets.de\/shop\/wp-json\/wp\/v2\/product\/49772","targetHints":{"allow":["GET"]}}],"collection":[{"href":"https:\/\/all-pets.de\/shop\/wp-json\/wp\/v2\/product"}],"about":[{"href":"https:\/\/all-pets.de\/shop\/wp-json\/wp\/v2\/types\/product"}],"replies":[{"embeddable":true,"href":"https:\/\/all-pets.de\/shop\/wp-json\/wp\/v2\/comments?post=49772"}],"wp:featuredmedia":[{"embeddable":true,"href":"https:\/\/all-pets.de\/shop\/wp-json\/wp\/v2\/media\/49773"}],"wp:attachment":[{"href":"https:\/\/all-pets.de\/shop\/wp-json\/wp\/v2\/media?parent=49772"}],"wp:term":[{"taxonomy":"product_cat","embeddable":true,"href":"https:\/\/all-pets.de\/shop\/wp-json\/wp\/v2\/product_cat?post=49772"},{"taxonomy":"product_tag","embeddable":true,"href":"https:\/\/all-pets.de\/shop\/wp-json\/wp\/v2\/product_tag?post=49772"}],"curies":[{"name":"wp","href":"https:\/\/api.w.org\/{rel}","templated":true}]}}