{"id":49776,"date":"2023-12-12T12:32:22","date_gmt":"2023-12-12T11:32:22","guid":{"rendered":"https:\/\/pet-shopping.de\/shop\/produkt\/jr-farm-heu-schale-mit-blueten-130g\/"},"modified":"2023-12-12T12:32:27","modified_gmt":"2023-12-12T11:32:27","slug":"jr-farm-heu-schale-mit-blueten-130g","status":"publish","type":"product","link":"https:\/\/all-pets.de\/shop\/produkt\/jr-farm-heu-schale-mit-blueten-130g\/","title":{"rendered":"JR Farm Heu-Schale mit Bl\u00fcten 130g"},"content":{"rendered":"<p>Die mit Heu ummantelte Naturfaserschale ist prall gef\u00fcllt mit aromatischem Heu von naturbelassenen Wiesen im Herzen Bayerns und abgerundet mit einer bunten Mischung aus duftenden Bl\u00fcten. Sie l\u00e4dt Zwergkaninchen und alle Nager zu einem kulinarischen Genuss ein. Durch die Verarbeitung ausschlie\u00dflich nat\u00fcrlicher Rohstoffe darf die Heu-Schale komplett verzehrt werden.<\/p>\n<p>Heu dient als Ern\u00e4hrungsgrundlage f\u00fcr Zwergkaninchen und Nager. Sein hoher Rohfaseranteil unterst\u00fctzt beim Knabbern den wichtigen Zahnabrieb und wirkt gleichzeitig positiv auf die Verdauung der Tiere. Die bunte Bl\u00fctenmischung aus hautberuhigender Ringelblume, lieblicher Rose und entz\u00fcndungshemmender Kornblume zaubert aus der Heu-Schale einen harmonischen Gaumenschmaus.<\/p>\n<p>130 g<\/p>\n<p>Gr\u00f6\u00dfe: L\u00e4nge 20 cm, Breite 13 cm, H\u00f6he ca. 4.5 cm<\/p>\n","protected":false},"excerpt":{"rendered":"<p>Die mit Heu ummantelte Naturfaserschale ist prall gef\u00fcllt mit aromatischem Heu von naturbelassenen Wiesen im Herzen Bayerns und abgerundet mit einer bunten Mischung aus duftenden Bl\u00fcten. Sie l\u00e4dt Zwergkaninchen und alle Nager zu einem kulinarischen Genuss ein. Durch die Verarbeitung ausschlie\u00dflich nat\u00fcrlicher Rohstoffe darf die Heu-Schale komplett verzehrt werden. Heu dient als Ern\u00e4hrungsgrundlage f\u00fcr Zwergkaninchen [&hellip;]<\/p>\n","protected":false},"featured_media":49777,"comment_status":"closed","ping_status":"open","template":"","meta":[],"product_cat":[13830],"product_tag":[],"class_list":{"0":"post-49776","1":"product","2":"type-product","3":"status-publish","4":"has-post-thumbnail","6":"product_cat-meerschweinchen","8":"first","9":"instock","10":"taxable","11":"shipping-taxable","12":"purchasable","13":"product-type-simple"},"_links":{"self":[{"href":"https:\/\/all-pets.de\/shop\/wp-json\/wp\/v2\/product\/49776","targetHints":{"allow":["GET"]}}],"collection":[{"href":"https:\/\/all-pets.de\/shop\/wp-json\/wp\/v2\/product"}],"about":[{"href":"https:\/\/all-pets.de\/shop\/wp-json\/wp\/v2\/types\/product"}],"replies":[{"embeddable":true,"href":"https:\/\/all-pets.de\/shop\/wp-json\/wp\/v2\/comments?post=49776"}],"wp:featuredmedia":[{"embeddable":true,"href":"https:\/\/all-pets.de\/shop\/wp-json\/wp\/v2\/media\/49777"}],"wp:attachment":[{"href":"https:\/\/all-pets.de\/shop\/wp-json\/wp\/v2\/media?parent=49776"}],"wp:term":[{"taxonomy":"product_cat","embeddable":true,"href":"https:\/\/all-pets.de\/shop\/wp-json\/wp\/v2\/product_cat?post=49776"},{"taxonomy":"product_tag","embeddable":true,"href":"https:\/\/all-pets.de\/shop\/wp-json\/wp\/v2\/product_tag?post=49776"}],"curies":[{"name":"wp","href":"https:\/\/api.w.org\/{rel}","templated":true}]}}