{"id":49782,"date":"2023-12-12T12:32:22","date_gmt":"2023-12-12T11:32:22","guid":{"rendered":"https:\/\/pet-shopping.de\/shop\/produkt\/jr-farm-heu-schale-mit-gemuese-130g\/"},"modified":"2023-12-12T12:32:28","modified_gmt":"2023-12-12T11:32:28","slug":"jr-farm-heu-schale-mit-gemuese-130g","status":"publish","type":"product","link":"https:\/\/all-pets.de\/shop\/produkt\/jr-farm-heu-schale-mit-gemuese-130g\/","title":{"rendered":"JR Farm Heu-Schale mit Gem\u00fcse 130g"},"content":{"rendered":"<p>Die mit Heu ummantelte Naturfaserschale ist prall gef\u00fcllt mit aromatischem Heu von naturbelassenen Wiesen im Herzen Bayerns und abgerundet mit einer delikaten Mischung aus vitaminreichem Gem\u00fcse. Sie l\u00e4dt Zwergkaninchen und alle Nager zu einem kulinarischen Genuss ein. Durch die Verarbeitung ausschlie\u00dflich nat\u00fcrlicher Rohstoffe darf die Heu-Schale komplett verzehrt werden.<\/p>\n<p>Heu dient als Ern\u00e4hrungsgrundlage f\u00fcr Zwergkaninchen und Nager. Sein hoher Rohfaseranteil unterst\u00fctzt beim Knabbern den wichtigen Zahnabrieb und wirkt gleichzeitig positiv auf die Verdauung der Tiere. Die harmonische Gem\u00fcsemischung aus ballaststoffreicher Karotte, pr\u00e4biotischer Pastinake und proteinreichen Erbsenflocken zaubert aus der Heu-Schale einen verdauungsregulierenden Gaumenschmaus.<\/p>\n<p>130 g<\/p>\n<p>Gr\u00f6\u00dfe: L\u00e4nge 20 cm, Breite 13 cm, H\u00f6he ca. 4,5 cm<\/p>\n","protected":false},"excerpt":{"rendered":"<p>Die mit Heu ummantelte Naturfaserschale ist prall gef\u00fcllt mit aromatischem Heu von naturbelassenen Wiesen im Herzen Bayerns und abgerundet mit einer delikaten Mischung aus vitaminreichem Gem\u00fcse. Sie l\u00e4dt Zwergkaninchen und alle Nager zu einem kulinarischen Genuss ein. Durch die Verarbeitung ausschlie\u00dflich nat\u00fcrlicher Rohstoffe darf die Heu-Schale komplett verzehrt werden. Heu dient als Ern\u00e4hrungsgrundlage f\u00fcr Zwergkaninchen [&hellip;]<\/p>\n","protected":false},"featured_media":49783,"comment_status":"closed","ping_status":"open","template":"","meta":[],"product_cat":[13830],"product_tag":[],"class_list":{"0":"post-49782","1":"product","2":"type-product","3":"status-publish","4":"has-post-thumbnail","6":"product_cat-meerschweinchen","8":"first","9":"instock","10":"taxable","11":"shipping-taxable","12":"purchasable","13":"product-type-simple"},"_links":{"self":[{"href":"https:\/\/all-pets.de\/shop\/wp-json\/wp\/v2\/product\/49782","targetHints":{"allow":["GET"]}}],"collection":[{"href":"https:\/\/all-pets.de\/shop\/wp-json\/wp\/v2\/product"}],"about":[{"href":"https:\/\/all-pets.de\/shop\/wp-json\/wp\/v2\/types\/product"}],"replies":[{"embeddable":true,"href":"https:\/\/all-pets.de\/shop\/wp-json\/wp\/v2\/comments?post=49782"}],"wp:featuredmedia":[{"embeddable":true,"href":"https:\/\/all-pets.de\/shop\/wp-json\/wp\/v2\/media\/49783"}],"wp:attachment":[{"href":"https:\/\/all-pets.de\/shop\/wp-json\/wp\/v2\/media?parent=49782"}],"wp:term":[{"taxonomy":"product_cat","embeddable":true,"href":"https:\/\/all-pets.de\/shop\/wp-json\/wp\/v2\/product_cat?post=49782"},{"taxonomy":"product_tag","embeddable":true,"href":"https:\/\/all-pets.de\/shop\/wp-json\/wp\/v2\/product_tag?post=49782"}],"curies":[{"name":"wp","href":"https:\/\/api.w.org\/{rel}","templated":true}]}}