{"id":49785,"date":"2023-12-12T12:32:22","date_gmt":"2023-12-12T11:32:22","guid":{"rendered":"https:\/\/pet-shopping.de\/shop\/produkt\/jr-farm-back-to-instinct-xxl-fun-park\/"},"modified":"2023-12-12T12:32:28","modified_gmt":"2023-12-12T11:32:28","slug":"jr-farm-back-to-instinct-xxl-fun-park","status":"publish","type":"product","link":"https:\/\/all-pets.de\/shop\/produkt\/jr-farm-back-to-instinct-xxl-fun-park\/","title":{"rendered":"JR FARM Back to Instinct XXL Fun-Park"},"content":{"rendered":"<p>Back to Instinct: Wecke die urspr\u00fcnglichen Instinkte deiner Tiere!<\/p>\n<p>Nagetiere und Zwergkaninchen erschn\u00fcffeln ihre Nahrung in freier Natur unter anderem im Boden. Besch\u00e4ftige deine Lieblinge deshalb auch zu Hause mit der eigenst\u00e4ndigen Futtersuche im abwechslungsreichen XXL Fun-Park und trainiere dabei gleichzeitig ihre Sinnesorgane. Durch die Verarbeitung ausschlie\u00dflich nat\u00fcrlicher Rohstoffe darf der XXL Fun-Park nicht nur benagt, sondern auch komplett verzehrt werden.<\/p>\n<p>430g<\/p>\n<p>ca. 38 x 28 x 6,5 cm<\/p>\n","protected":false},"excerpt":{"rendered":"<p>Back to Instinct: Wecke die urspr\u00fcnglichen Instinkte deiner Tiere! Nagetiere und Zwergkaninchen erschn\u00fcffeln ihre Nahrung in freier Natur unter anderem im Boden. Besch\u00e4ftige deine Lieblinge deshalb auch zu Hause mit der eigenst\u00e4ndigen Futtersuche im abwechslungsreichen XXL Fun-Park und trainiere dabei gleichzeitig ihre Sinnesorgane. Durch die Verarbeitung ausschlie\u00dflich nat\u00fcrlicher Rohstoffe darf der XXL Fun-Park nicht nur [&hellip;]<\/p>\n","protected":false},"featured_media":49786,"comment_status":"closed","ping_status":"open","template":"","meta":[],"product_cat":[14937],"product_tag":[],"class_list":{"0":"post-49785","1":"product","2":"type-product","3":"status-publish","4":"has-post-thumbnail","6":"product_cat-jr-farm-kleintierfutter-snacks-spiel-sportkleintierwelt-ausstattung-zubehoer-kleintierwelt","8":"first","9":"instock","10":"taxable","11":"shipping-taxable","12":"purchasable","13":"product-type-simple"},"_links":{"self":[{"href":"https:\/\/all-pets.de\/shop\/wp-json\/wp\/v2\/product\/49785","targetHints":{"allow":["GET"]}}],"collection":[{"href":"https:\/\/all-pets.de\/shop\/wp-json\/wp\/v2\/product"}],"about":[{"href":"https:\/\/all-pets.de\/shop\/wp-json\/wp\/v2\/types\/product"}],"replies":[{"embeddable":true,"href":"https:\/\/all-pets.de\/shop\/wp-json\/wp\/v2\/comments?post=49785"}],"wp:featuredmedia":[{"embeddable":true,"href":"https:\/\/all-pets.de\/shop\/wp-json\/wp\/v2\/media\/49786"}],"wp:attachment":[{"href":"https:\/\/all-pets.de\/shop\/wp-json\/wp\/v2\/media?parent=49785"}],"wp:term":[{"taxonomy":"product_cat","embeddable":true,"href":"https:\/\/all-pets.de\/shop\/wp-json\/wp\/v2\/product_cat?post=49785"},{"taxonomy":"product_tag","embeddable":true,"href":"https:\/\/all-pets.de\/shop\/wp-json\/wp\/v2\/product_tag?post=49785"}],"curies":[{"name":"wp","href":"https:\/\/api.w.org\/{rel}","templated":true}]}}