{"id":49789,"date":"2023-12-12T12:32:30","date_gmt":"2023-12-12T11:32:30","guid":{"rendered":"https:\/\/pet-shopping.de\/shop\/produkt\/trixie-spieltunnel-harvey-o-27-x-116-cm\/"},"modified":"2023-12-12T12:32:30","modified_gmt":"2023-12-12T11:32:30","slug":"trixie-spieltunnel-harvey-o-27-x-116-cm","status":"publish","type":"product","link":"https:\/\/all-pets.de\/shop\/produkt\/trixie-spieltunnel-harvey-o-27-x-116-cm\/","title":{"rendered":"Trixie Spieltunnel Harvey &#8211; \u00f8 27 \u00d7 116 cm"},"content":{"rendered":"<div class=\"mb-3 row\">\n<div class=\"col\">\n<div class=\"description\">\n<ul>\n<li>Velours\/Pl\u00fcsch (Polyester)<\/li>\n<li>mit 4 Eing\u00e4ngen<\/li>\n<li>mit Spielzeugen am Band<\/li>\n<li>Ma\u00dfe: ca. \u00f8 27 \u00d7 116 cm<\/li>\n<\/ul>\n<p><\/p>\n<p>Entdecke unseren Spieltunnel Harvey f\u00fcr deine Katze!<\/p>\n<p>Spieltunnel Harvey ist das ideale Spielzeug, um deiner Katze Spa\u00df und Abenteuer zu bieten. Das hochwertige Katzenspielzeug bietet deiner Katze eine perfekte M\u00f6glichkeit, ihre nat\u00fcrlichen Instinkte auszuleben und gleichzeitig ihre k\u00f6rperliche Aktivit\u00e4t zu f\u00f6rdern.<br \/>Hergestellt aus weichem und hochwertigem Velours und Pl\u00fcsch, \u00fcberzeugt unser Spielzeug mit langlebiger Qualit\u00e4t. Das integrierte Spielzeug regt die Neugier deiner Katze an und macht das Spielen noch aufregender.<br \/>Mit einer L\u00e4nge von 116 cm und vier Eing\u00e4ngen bietet unser Spieltunnel deiner Samtpfote au\u00dferdem ausreichend Platz zum Ausstrecken, Jagen und Verstecken und ist auch bestens als R\u00fcckzugsort geeignet.<br \/>Durch das flexible Design l\u00e4sst sich das Spielzeug leicht zusammenfalten und platzsparend verstauen, wenn er gerade nicht ben\u00f6tigt wird.<\/p>\n<\/div>\n<\/div>\n<\/div>\n","protected":false},"excerpt":{"rendered":"<p>Velours\/Pl\u00fcsch (Polyester) mit 4 Eing\u00e4ngen mit Spielzeugen am Band Ma\u00dfe: ca. \u00f8 27 \u00d7 116 cm Entdecke unseren Spieltunnel Harvey f\u00fcr deine Katze! Spieltunnel Harvey ist das ideale Spielzeug, um deiner Katze Spa\u00df und Abenteuer zu bieten. Das hochwertige Katzenspielzeug bietet deiner Katze eine perfekte M\u00f6glichkeit, ihre nat\u00fcrlichen Instinkte auszuleben und gleichzeitig ihre k\u00f6rperliche Aktivit\u00e4t [&hellip;]<\/p>\n","protected":false},"featured_media":49790,"comment_status":"closed","ping_status":"open","template":"","meta":[],"product_cat":[15256],"product_tag":[],"class_list":{"0":"post-49789","1":"product","2":"type-product","3":"status-publish","4":"has-post-thumbnail","6":"product_cat-katzentunnel-raschelsaecke-katzenspielzeug-neue-katzenartikelkatzenwelt","8":"first","9":"instock","10":"taxable","11":"shipping-taxable","12":"purchasable","13":"product-type-simple"},"_links":{"self":[{"href":"https:\/\/all-pets.de\/shop\/wp-json\/wp\/v2\/product\/49789","targetHints":{"allow":["GET"]}}],"collection":[{"href":"https:\/\/all-pets.de\/shop\/wp-json\/wp\/v2\/product"}],"about":[{"href":"https:\/\/all-pets.de\/shop\/wp-json\/wp\/v2\/types\/product"}],"replies":[{"embeddable":true,"href":"https:\/\/all-pets.de\/shop\/wp-json\/wp\/v2\/comments?post=49789"}],"wp:featuredmedia":[{"embeddable":true,"href":"https:\/\/all-pets.de\/shop\/wp-json\/wp\/v2\/media\/49790"}],"wp:attachment":[{"href":"https:\/\/all-pets.de\/shop\/wp-json\/wp\/v2\/media?parent=49789"}],"wp:term":[{"taxonomy":"product_cat","embeddable":true,"href":"https:\/\/all-pets.de\/shop\/wp-json\/wp\/v2\/product_cat?post=49789"},{"taxonomy":"product_tag","embeddable":true,"href":"https:\/\/all-pets.de\/shop\/wp-json\/wp\/v2\/product_tag?post=49789"}],"curies":[{"name":"wp","href":"https:\/\/api.w.org\/{rel}","templated":true}]}}