{"id":49793,"date":"2023-12-12T12:32:30","date_gmt":"2023-12-12T11:32:30","guid":{"rendered":"https:\/\/pet-shopping.de\/shop\/produkt\/trixie-liegemulde-fuer-heizkoerper-grau-lichtgrau\/"},"modified":"2023-12-12T12:32:31","modified_gmt":"2023-12-12T11:32:31","slug":"trixie-liegemulde-fuer-heizkoerper-grau-lichtgrau","status":"publish","type":"product","link":"https:\/\/all-pets.de\/shop\/produkt\/trixie-liegemulde-fuer-heizkoerper-grau-lichtgrau\/","title":{"rendered":"Trixie Liegemulde f\u00fcr Heizk\u00f6rper &#8211; grau\/lichtgrau"},"content":{"rendered":"<div class=\"mb-3 row\">\n<div class=\"col\">\n<div class=\"description\">\n<ul>\n<li>Pl\u00fcsch-Bezug (Polyester) abnehmbar <\/li>\n<li>stabiler Metallrahmen<\/li>\n<li>mit verstellbarer Halterung (10\u201312 cm)<\/li>\n<li>f\u00fcr alle g\u00e4ngigen Heizk\u00f6rper<\/li>\n<li>Bezug bei 30\u00b0 waschbar<\/li>\n<li>Ma\u00dfe: ca.\u00a0 45 \u00d7 24 \u00d7 31 cm<\/li>\n<li>Farbe: grau\/lichtgrau<\/li>\n<\/ul>\n<\/div>\n<\/div>\n<\/div>\n","protected":false},"excerpt":{"rendered":"<p>Pl\u00fcsch-Bezug (Polyester) abnehmbar stabiler Metallrahmen mit verstellbarer Halterung (10\u201312 cm) f\u00fcr alle g\u00e4ngigen Heizk\u00f6rper Bezug bei 30\u00b0 waschbar Ma\u00dfe: ca.\u00a0 45 \u00d7 24 \u00d7 31 cm Farbe: grau\/lichtgrau<\/p>\n","protected":false},"featured_media":49794,"comment_status":"closed","ping_status":"open","template":"","meta":[],"product_cat":[15258],"product_tag":[],"class_list":{"0":"post-49793","1":"product","2":"type-product","3":"status-publish","4":"has-post-thumbnail","6":"product_cat-neue-katzenartikel-heizungsliegenkatzenwelt-katzenbetten-katzenkoerbe","8":"first","9":"instock","10":"taxable","11":"shipping-taxable","12":"purchasable","13":"product-type-simple"},"_links":{"self":[{"href":"https:\/\/all-pets.de\/shop\/wp-json\/wp\/v2\/product\/49793","targetHints":{"allow":["GET"]}}],"collection":[{"href":"https:\/\/all-pets.de\/shop\/wp-json\/wp\/v2\/product"}],"about":[{"href":"https:\/\/all-pets.de\/shop\/wp-json\/wp\/v2\/types\/product"}],"replies":[{"embeddable":true,"href":"https:\/\/all-pets.de\/shop\/wp-json\/wp\/v2\/comments?post=49793"}],"wp:featuredmedia":[{"embeddable":true,"href":"https:\/\/all-pets.de\/shop\/wp-json\/wp\/v2\/media\/49794"}],"wp:attachment":[{"href":"https:\/\/all-pets.de\/shop\/wp-json\/wp\/v2\/media?parent=49793"}],"wp:term":[{"taxonomy":"product_cat","embeddable":true,"href":"https:\/\/all-pets.de\/shop\/wp-json\/wp\/v2\/product_cat?post=49793"},{"taxonomy":"product_tag","embeddable":true,"href":"https:\/\/all-pets.de\/shop\/wp-json\/wp\/v2\/product_tag?post=49793"}],"curies":[{"name":"wp","href":"https:\/\/api.w.org\/{rel}","templated":true}]}}