{"id":49809,"date":"2023-12-12T12:32:30","date_gmt":"2023-12-12T11:32:30","guid":{"rendered":"https:\/\/pet-shopping.de\/shop\/produkt\/trixie-balltier-aus-latex-6-cm\/"},"modified":"2023-12-12T12:32:34","modified_gmt":"2023-12-12T11:32:34","slug":"trixie-balltier-aus-latex-6-cm","status":"publish","type":"product","link":"https:\/\/all-pets.de\/shop\/produkt\/trixie-balltier-aus-latex-6-cm\/","title":{"rendered":"Trixie Balltier aus Latex &#8211; 6 cm"},"content":{"rendered":"<ul>\n<li>Latex<\/li>\n<li>Polyestervlies-F\u00fcllung<\/li>\n<li>mit Stimme<\/li>\n<li>diverse Figuren (eine Motivwahl ist leider nicht m\u00f6glich, da die Variante je nach Lagerbestand gew\u00e4hlt wird)<\/li>\n<li>Durchmesser: ca. 6 cm\u00a0 <\/li>\n<\/ul>\n","protected":false},"excerpt":{"rendered":"<p>Latex Polyestervlies-F\u00fcllung mit Stimme diverse Figuren (eine Motivwahl ist leider nicht m\u00f6glich, da die Variante je nach Lagerbestand gew\u00e4hlt wird) Durchmesser: ca. 6 cm\u00a0<\/p>\n","protected":false},"featured_media":49810,"comment_status":"closed","ping_status":"open","template":"","meta":[],"product_cat":[15270],"product_tag":[],"class_list":{"0":"post-49809","1":"product","2":"type-product","3":"status-publish","4":"has-post-thumbnail","6":"product_cat-squeeker-hundespielzeug-sport-neue-hundeartikelhundewelt","8":"first","9":"instock","10":"taxable","11":"shipping-taxable","12":"purchasable","13":"product-type-simple"},"_links":{"self":[{"href":"https:\/\/all-pets.de\/shop\/wp-json\/wp\/v2\/product\/49809","targetHints":{"allow":["GET"]}}],"collection":[{"href":"https:\/\/all-pets.de\/shop\/wp-json\/wp\/v2\/product"}],"about":[{"href":"https:\/\/all-pets.de\/shop\/wp-json\/wp\/v2\/types\/product"}],"replies":[{"embeddable":true,"href":"https:\/\/all-pets.de\/shop\/wp-json\/wp\/v2\/comments?post=49809"}],"wp:featuredmedia":[{"embeddable":true,"href":"https:\/\/all-pets.de\/shop\/wp-json\/wp\/v2\/media\/49810"}],"wp:attachment":[{"href":"https:\/\/all-pets.de\/shop\/wp-json\/wp\/v2\/media?parent=49809"}],"wp:term":[{"taxonomy":"product_cat","embeddable":true,"href":"https:\/\/all-pets.de\/shop\/wp-json\/wp\/v2\/product_cat?post=49809"},{"taxonomy":"product_tag","embeddable":true,"href":"https:\/\/all-pets.de\/shop\/wp-json\/wp\/v2\/product_tag?post=49809"}],"curies":[{"name":"wp","href":"https:\/\/api.w.org\/{rel}","templated":true}]}}