{"id":49815,"date":"2023-12-12T12:32:30","date_gmt":"2023-12-12T11:32:30","guid":{"rendered":"https:\/\/pet-shopping.de\/shop\/produkt\/trixie-xmas-motivball-aus-pluesch\/"},"modified":"2023-12-12T12:32:35","modified_gmt":"2023-12-12T11:32:35","slug":"trixie-xmas-motivball-aus-pluesch","status":"publish","type":"product","link":"https:\/\/all-pets.de\/shop\/produkt\/trixie-xmas-motivball-aus-pluesch\/","title":{"rendered":"Trixie Xmas Motivball aus Pl\u00fcsch"},"content":{"rendered":"<div class=\"mb-3 row\">\n<div class=\"col\">\n<div class=\"description\">\n<ul>\n<li>1 St\u00fcck<\/li>\n<li>Pl\u00fcsch (Polyester)<\/li>\n<li>mit Stimme<\/li>\n<li>Gr\u00f6\u00dfe: ca. 18\u201329 cm<\/li>\n<li>Motivwahl leider nicht m\u00f6glich, Abgabe je nach Lagerbestand<\/li>\n<\/ul>\n<\/div>\n<\/div>\n<\/div>\n","protected":false},"excerpt":{"rendered":"<p>1 St\u00fcck Pl\u00fcsch (Polyester) mit Stimme Gr\u00f6\u00dfe: ca. 18\u201329 cm Motivwahl leider nicht m\u00f6glich, Abgabe je nach Lagerbestand<\/p>\n","protected":false},"featured_media":49816,"comment_status":"closed","ping_status":"open","template":"","meta":[],"product_cat":[15240],"product_tag":[],"class_list":{"0":"post-49815","1":"product","2":"type-product","3":"status-publish","4":"has-post-thumbnail","6":"product_cat-plueschspielzeug-hundespielzeug-sport-neue-hundeartikelhundewelt-hunde-x-mashundewelt-hundewelt","8":"first","9":"instock","10":"taxable","11":"shipping-taxable","12":"purchasable","13":"product-type-simple"},"_links":{"self":[{"href":"https:\/\/all-pets.de\/shop\/wp-json\/wp\/v2\/product\/49815","targetHints":{"allow":["GET"]}}],"collection":[{"href":"https:\/\/all-pets.de\/shop\/wp-json\/wp\/v2\/product"}],"about":[{"href":"https:\/\/all-pets.de\/shop\/wp-json\/wp\/v2\/types\/product"}],"replies":[{"embeddable":true,"href":"https:\/\/all-pets.de\/shop\/wp-json\/wp\/v2\/comments?post=49815"}],"wp:featuredmedia":[{"embeddable":true,"href":"https:\/\/all-pets.de\/shop\/wp-json\/wp\/v2\/media\/49816"}],"wp:attachment":[{"href":"https:\/\/all-pets.de\/shop\/wp-json\/wp\/v2\/media?parent=49815"}],"wp:term":[{"taxonomy":"product_cat","embeddable":true,"href":"https:\/\/all-pets.de\/shop\/wp-json\/wp\/v2\/product_cat?post=49815"},{"taxonomy":"product_tag","embeddable":true,"href":"https:\/\/all-pets.de\/shop\/wp-json\/wp\/v2\/product_tag?post=49815"}],"curies":[{"name":"wp","href":"https:\/\/api.w.org\/{rel}","templated":true}]}}