{"id":49819,"date":"2023-12-12T12:32:30","date_gmt":"2023-12-12T11:32:30","guid":{"rendered":"https:\/\/pet-shopping.de\/shop\/produkt\/trixie-xmas-wichtel-rasselball\/"},"modified":"2023-12-12T12:32:36","modified_gmt":"2023-12-12T11:32:36","slug":"trixie-xmas-wichtel-rasselball","status":"publish","type":"product","link":"https:\/\/all-pets.de\/shop\/produkt\/trixie-xmas-wichtel-rasselball\/","title":{"rendered":"Trixie Xmas Wichtel Rasselball"},"content":{"rendered":"<div class=\"mb-3 row\">\n<div class=\"col\">\n<div class=\"description\">\n<ul>\n<li>Pl\u00fcsch (Polyester)<\/li>\n<li>mit Rassel<\/li>\n<li>Ma\u00dfe: ca. \u00f8 6 \u00d7 12 cm<\/li>\n<\/ul>\n<\/div>\n<\/div>\n<\/div>\n","protected":false},"excerpt":{"rendered":"<p>Pl\u00fcsch (Polyester) mit Rassel Ma\u00dfe: ca. \u00f8 6 \u00d7 12 cm<\/p>\n","protected":false},"featured_media":49820,"comment_status":"closed","ping_status":"open","template":"","meta":[],"product_cat":[15240],"product_tag":[],"class_list":{"0":"post-49819","1":"product","2":"type-product","3":"status-publish","4":"has-post-thumbnail","6":"product_cat-plueschspielzeug-hundespielzeug-sport-neue-hundeartikelhundewelt-hunde-x-mashundewelt-hundewelt","8":"first","9":"instock","10":"taxable","11":"shipping-taxable","12":"purchasable","13":"product-type-simple"},"_links":{"self":[{"href":"https:\/\/all-pets.de\/shop\/wp-json\/wp\/v2\/product\/49819","targetHints":{"allow":["GET"]}}],"collection":[{"href":"https:\/\/all-pets.de\/shop\/wp-json\/wp\/v2\/product"}],"about":[{"href":"https:\/\/all-pets.de\/shop\/wp-json\/wp\/v2\/types\/product"}],"replies":[{"embeddable":true,"href":"https:\/\/all-pets.de\/shop\/wp-json\/wp\/v2\/comments?post=49819"}],"wp:featuredmedia":[{"embeddable":true,"href":"https:\/\/all-pets.de\/shop\/wp-json\/wp\/v2\/media\/49820"}],"wp:attachment":[{"href":"https:\/\/all-pets.de\/shop\/wp-json\/wp\/v2\/media?parent=49819"}],"wp:term":[{"taxonomy":"product_cat","embeddable":true,"href":"https:\/\/all-pets.de\/shop\/wp-json\/wp\/v2\/product_cat?post=49819"},{"taxonomy":"product_tag","embeddable":true,"href":"https:\/\/all-pets.de\/shop\/wp-json\/wp\/v2\/product_tag?post=49819"}],"curies":[{"name":"wp","href":"https:\/\/api.w.org\/{rel}","templated":true}]}}