{"id":49830,"date":"2023-12-12T12:32:37","date_gmt":"2023-12-12T11:32:37","guid":{"rendered":"https:\/\/pet-shopping.de\/shop\/produkt\/trixie-xmas-latexschwein\/"},"modified":"2023-12-12T12:32:39","modified_gmt":"2023-12-12T11:32:39","slug":"trixie-xmas-latexschwein","status":"publish","type":"product","link":"https:\/\/all-pets.de\/shop\/produkt\/trixie-xmas-latexschwein\/","title":{"rendered":"Trixie Xmas Latexschwein"},"content":{"rendered":"<div class=\"mb-3 row\">\n<div class=\"col\">\n<div class=\"description\">\n<ul>\n<li>Latex<\/li>\n<li>mit Stimme<\/li>\n<li>Polyestervlies-F\u00fcllung<\/li>\n<li>Gr\u00f6\u00dfe: ca. 16 cm<\/li>\n<\/ul>\n<\/div>\n<\/div>\n<\/div>\n","protected":false},"excerpt":{"rendered":"<p>Latex mit Stimme Polyestervlies-F\u00fcllung Gr\u00f6\u00dfe: ca. 16 cm<\/p>\n","protected":false},"featured_media":49831,"comment_status":"closed","ping_status":"open","template":"","meta":[],"product_cat":[15274],"product_tag":[],"class_list":{"0":"post-49830","1":"product","2":"type-product","3":"status-publish","4":"has-post-thumbnail","6":"product_cat-neue-hundeartikel-squeekerhundewelt-hundespielzeug-sport-hunde-x-mashundewelt-hundewelt","8":"first","9":"instock","10":"taxable","11":"shipping-taxable","12":"purchasable","13":"product-type-simple"},"_links":{"self":[{"href":"https:\/\/all-pets.de\/shop\/wp-json\/wp\/v2\/product\/49830","targetHints":{"allow":["GET"]}}],"collection":[{"href":"https:\/\/all-pets.de\/shop\/wp-json\/wp\/v2\/product"}],"about":[{"href":"https:\/\/all-pets.de\/shop\/wp-json\/wp\/v2\/types\/product"}],"replies":[{"embeddable":true,"href":"https:\/\/all-pets.de\/shop\/wp-json\/wp\/v2\/comments?post=49830"}],"wp:featuredmedia":[{"embeddable":true,"href":"https:\/\/all-pets.de\/shop\/wp-json\/wp\/v2\/media\/49831"}],"wp:attachment":[{"href":"https:\/\/all-pets.de\/shop\/wp-json\/wp\/v2\/media?parent=49830"}],"wp:term":[{"taxonomy":"product_cat","embeddable":true,"href":"https:\/\/all-pets.de\/shop\/wp-json\/wp\/v2\/product_cat?post=49830"},{"taxonomy":"product_tag","embeddable":true,"href":"https:\/\/all-pets.de\/shop\/wp-json\/wp\/v2\/product_tag?post=49830"}],"curies":[{"name":"wp","href":"https:\/\/api.w.org\/{rel}","templated":true}]}}