{"id":49836,"date":"2023-12-12T12:32:37","date_gmt":"2023-12-12T11:32:37","guid":{"rendered":"https:\/\/pet-shopping.de\/shop\/produkt\/trixie-xmas-strumpf\/"},"modified":"2023-12-12T12:32:40","modified_gmt":"2023-12-12T11:32:40","slug":"trixie-xmas-strumpf","status":"publish","type":"product","link":"https:\/\/all-pets.de\/shop\/produkt\/trixie-xmas-strumpf\/","title":{"rendered":"Trixie Xmas Strumpf"},"content":{"rendered":"<div class=\"mb-3 row\">\n<div class=\"col\">\n<div class=\"description\">\n<ul>\n<li>zum Bef\u00fcllen und Aufh\u00e4ngen<\/li>\n<li>Pl\u00fcsch\/Lammfell-Optik (Polyester)<\/li>\n<li>ohne Inhalt<\/li>\n<li>Handw\u00e4sche<\/li>\n<li>Ma\u00dfe: ca. 47 cm<\/li>\n<\/ul>\n<\/div>\n<\/div>\n<\/div>\n","protected":false},"excerpt":{"rendered":"<p>zum Bef\u00fcllen und Aufh\u00e4ngen Pl\u00fcsch\/Lammfell-Optik (Polyester) ohne Inhalt Handw\u00e4sche Ma\u00dfe: ca. 47 cm<\/p>\n","protected":false},"featured_media":49837,"comment_status":"closed","ping_status":"open","template":"","meta":[],"product_cat":[15277],"product_tag":[],"class_list":{"0":"post-49836","1":"product","2":"type-product","3":"status-publish","4":"has-post-thumbnail","6":"product_cat-neue-katzenartikel-neue-hundeartikelkatzenwelt-katzen-x-mashundewelt-hunde-x-maskatzenwelt-hundewelt","8":"first","9":"instock","10":"taxable","11":"shipping-taxable","12":"purchasable","13":"product-type-simple"},"_links":{"self":[{"href":"https:\/\/all-pets.de\/shop\/wp-json\/wp\/v2\/product\/49836","targetHints":{"allow":["GET"]}}],"collection":[{"href":"https:\/\/all-pets.de\/shop\/wp-json\/wp\/v2\/product"}],"about":[{"href":"https:\/\/all-pets.de\/shop\/wp-json\/wp\/v2\/types\/product"}],"replies":[{"embeddable":true,"href":"https:\/\/all-pets.de\/shop\/wp-json\/wp\/v2\/comments?post=49836"}],"wp:featuredmedia":[{"embeddable":true,"href":"https:\/\/all-pets.de\/shop\/wp-json\/wp\/v2\/media\/49837"}],"wp:attachment":[{"href":"https:\/\/all-pets.de\/shop\/wp-json\/wp\/v2\/media?parent=49836"}],"wp:term":[{"taxonomy":"product_cat","embeddable":true,"href":"https:\/\/all-pets.de\/shop\/wp-json\/wp\/v2\/product_cat?post=49836"},{"taxonomy":"product_tag","embeddable":true,"href":"https:\/\/all-pets.de\/shop\/wp-json\/wp\/v2\/product_tag?post=49836"}],"curies":[{"name":"wp","href":"https:\/\/api.w.org\/{rel}","templated":true}]}}