{"id":49840,"date":"2023-12-12T12:32:37","date_gmt":"2023-12-12T11:32:37","guid":{"rendered":"https:\/\/pet-shopping.de\/shop\/produkt\/trixie-be-nordic-sling-tasche\/"},"modified":"2023-12-12T12:32:41","modified_gmt":"2023-12-12T11:32:41","slug":"trixie-be-nordic-sling-tasche","status":"publish","type":"product","link":"https:\/\/all-pets.de\/shop\/produkt\/trixie-be-nordic-sling-tasche\/","title":{"rendered":"Trixie BE NORDIC Sling-Tasche"},"content":{"rendered":"<\/p>\n<ul>\n<li>als H\u00fcft- oder Umh\u00e4ngetasche tragbar<\/li>\n<li>mit O-Rei\u00dfverschluss<\/li>\n<li>mit wasserabweisendem Innenfutter<\/li>\n<li>Hauptfach mit Trennwand<\/li>\n<li>separate Innentasche mit Rei\u00dfverschluss<\/li>\n<li>D-Ring zum Befestigen einer Hundepfeife oder eines Clickers<\/li>\n<li>Canvas-Optik (Polyester)<\/li>\n<li>Tasche: ca. 24 \u00d7 11 \u00d7 8 cm<\/li>\n<li>Gurt: ca. 50\u2013165 cm<\/li>\n<li>Farbe: schwarz<\/li>\n<\/ul>\n<div class=\"infotextWrap\">Aus dem Verkauf der Serie unterst\u00fctzt TRIXIE Meeresschutzprojekte und leistet damit einen Beitrag zum Natur- und Artenschutz.<\/div><\/p>\n","protected":false},"excerpt":{"rendered":"<p>als H\u00fcft- oder Umh\u00e4ngetasche tragbar mit O-Rei\u00dfverschluss mit wasserabweisendem Innenfutter Hauptfach mit Trennwand separate Innentasche mit Rei\u00dfverschluss D-Ring zum Befestigen einer Hundepfeife oder eines Clickers Canvas-Optik (Polyester) Tasche: ca. 24 \u00d7 11 \u00d7 8 cm Gurt: ca. 50\u2013165 cm Farbe: schwarz Aus dem Verkauf der Serie unterst\u00fctzt TRIXIE Meeresschutzprojekte und leistet damit einen Beitrag zum [&hellip;]<\/p>\n","protected":false},"featured_media":49841,"comment_status":"closed","ping_status":"open","template":"","meta":[],"product_cat":[15278],"product_tag":[],"class_list":{"0":"post-49840","1":"product","2":"type-product","3":"status-publish","4":"has-post-thumbnail","6":"product_cat-neue-hundeartikel-gurt-futtertaschenhundewelt-unterwegs-gurt-und-futtertaschenhundewelt","8":"first","9":"instock","10":"taxable","11":"shipping-taxable","12":"purchasable","13":"product-type-simple"},"_links":{"self":[{"href":"https:\/\/all-pets.de\/shop\/wp-json\/wp\/v2\/product\/49840","targetHints":{"allow":["GET"]}}],"collection":[{"href":"https:\/\/all-pets.de\/shop\/wp-json\/wp\/v2\/product"}],"about":[{"href":"https:\/\/all-pets.de\/shop\/wp-json\/wp\/v2\/types\/product"}],"replies":[{"embeddable":true,"href":"https:\/\/all-pets.de\/shop\/wp-json\/wp\/v2\/comments?post=49840"}],"wp:featuredmedia":[{"embeddable":true,"href":"https:\/\/all-pets.de\/shop\/wp-json\/wp\/v2\/media\/49841"}],"wp:attachment":[{"href":"https:\/\/all-pets.de\/shop\/wp-json\/wp\/v2\/media?parent=49840"}],"wp:term":[{"taxonomy":"product_cat","embeddable":true,"href":"https:\/\/all-pets.de\/shop\/wp-json\/wp\/v2\/product_cat?post=49840"},{"taxonomy":"product_tag","embeddable":true,"href":"https:\/\/all-pets.de\/shop\/wp-json\/wp\/v2\/product_tag?post=49840"}],"curies":[{"name":"wp","href":"https:\/\/api.w.org\/{rel}","templated":true}]}}