{"id":49844,"date":"2023-12-12T12:32:37","date_gmt":"2023-12-12T11:32:37","guid":{"rendered":"https:\/\/pet-shopping.de\/shop\/produkt\/trixie-be-nordic-kratzstamm-iben\/"},"modified":"2023-12-12T12:32:42","modified_gmt":"2023-12-12T11:32:42","slug":"trixie-be-nordic-kratzstamm-iben","status":"publish","type":"product","link":"https:\/\/all-pets.de\/shop\/produkt\/trixie-be-nordic-kratzstamm-iben\/","title":{"rendered":"Trixie BE NORDIC Kratzstamm Iben"},"content":{"rendered":"<div class=\"mb-3 row\">\n<div class=\"col\">\n<div class=\"description\">\n<ul>\n<li>Sisal: \u00f8 5 mm\/Sperrholz (lackiert)<\/li>\n<li>Farbe: wei\u00df<\/li>\n<li>Grundfl\u00e4che: ca. 34 \u00d7 34 cm<\/li>\n<li>H\u00f6he: ca. 60 cm<\/li>\n<li>Stamm: ca. 11 \u00d7 11 cm<\/li>\n<\/ul>\n<div class=\"infotextWrap\">Aus dem Verkauf der Serie unterst\u00fctzt TRIXIE Meeresschutzprojekte und leistet damit einen Beitrag zum Natur- und Artenschutz.<\/div>\n<\/div>\n<\/div>\n<\/div>\n","protected":false},"excerpt":{"rendered":"<p>Sisal: \u00f8 5 mm\/Sperrholz (lackiert) Farbe: wei\u00df Grundfl\u00e4che: ca. 34 \u00d7 34 cm H\u00f6he: ca. 60 cm Stamm: ca. 11 \u00d7 11 cm Aus dem Verkauf der Serie unterst\u00fctzt TRIXIE Meeresschutzprojekte und leistet damit einen Beitrag zum Natur- und Artenschutz.<\/p>\n","protected":false},"featured_media":49845,"comment_status":"closed","ping_status":"open","template":"","meta":[],"product_cat":[15241],"product_tag":[],"class_list":{"0":"post-49844","1":"product","2":"type-product","3":"status-publish","4":"has-post-thumbnail","6":"product_cat-neue-katzenartikel","8":"first","9":"instock","10":"taxable","11":"shipping-taxable","12":"purchasable","13":"product-type-simple"},"_links":{"self":[{"href":"https:\/\/all-pets.de\/shop\/wp-json\/wp\/v2\/product\/49844","targetHints":{"allow":["GET"]}}],"collection":[{"href":"https:\/\/all-pets.de\/shop\/wp-json\/wp\/v2\/product"}],"about":[{"href":"https:\/\/all-pets.de\/shop\/wp-json\/wp\/v2\/types\/product"}],"replies":[{"embeddable":true,"href":"https:\/\/all-pets.de\/shop\/wp-json\/wp\/v2\/comments?post=49844"}],"wp:featuredmedia":[{"embeddable":true,"href":"https:\/\/all-pets.de\/shop\/wp-json\/wp\/v2\/media\/49845"}],"wp:attachment":[{"href":"https:\/\/all-pets.de\/shop\/wp-json\/wp\/v2\/media?parent=49844"}],"wp:term":[{"taxonomy":"product_cat","embeddable":true,"href":"https:\/\/all-pets.de\/shop\/wp-json\/wp\/v2\/product_cat?post=49844"},{"taxonomy":"product_tag","embeddable":true,"href":"https:\/\/all-pets.de\/shop\/wp-json\/wp\/v2\/product_tag?post=49844"}],"curies":[{"name":"wp","href":"https:\/\/api.w.org\/{rel}","templated":true}]}}