{"id":49852,"date":"2023-12-12T12:32:37","date_gmt":"2023-12-12T11:32:37","guid":{"rendered":"https:\/\/pet-shopping.de\/shop\/produkt\/trixie-be-nordic-kratzbaum-jonte\/"},"modified":"2023-12-12T12:32:43","modified_gmt":"2023-12-12T11:32:43","slug":"trixie-be-nordic-kratzbaum-jonte","status":"publish","type":"product","link":"https:\/\/all-pets.de\/shop\/produkt\/trixie-be-nordic-kratzbaum-jonte\/","title":{"rendered":"Trixie BE NORDIC Kratzbaum Jonte"},"content":{"rendered":"<div class=\"mb-3 row\">\n<div class=\"col\">\n<div class=\"description\">\n<ul>\n<li>Sisal: \u00f8 5 mm\/Sperrholz (lackiert)<\/li>\n<li>Kuschelbett mit Wendekissen, Canvas (100% Baumwolle): Handw\u00e4sche<\/li>\n<li>H\u00f6hle mit Wendekissen, Canvas (100% Baumwolle): Handw\u00e4sche<\/li>\n<li>Farbe: grau\/wei\u00df<\/li>\n<li>Grundfl\u00e4che: ca. 38 \u00d7 38 cm<\/li>\n<li>H\u00f6he: ca. 115 cm<\/li>\n<li>Stamm: ca. 9 \u00d7 9 cm<\/li>\n<\/ul>\n<div class=\"infotextWrap\">Aus dem Verkauf der Serie unterst\u00fctzt TRIXIE Meeresschutzprojekte und leistet damit einen Beitrag zum Natur- und Artenschutz.<\/div>\n<\/div>\n<\/div>\n<\/div>\n","protected":false},"excerpt":{"rendered":"<p>Sisal: \u00f8 5 mm\/Sperrholz (lackiert) Kuschelbett mit Wendekissen, Canvas (100% Baumwolle): Handw\u00e4sche H\u00f6hle mit Wendekissen, Canvas (100% Baumwolle): Handw\u00e4sche Farbe: grau\/wei\u00df Grundfl\u00e4che: ca. 38 \u00d7 38 cm H\u00f6he: ca. 115 cm Stamm: ca. 9 \u00d7 9 cm Aus dem Verkauf der Serie unterst\u00fctzt TRIXIE Meeresschutzprojekte und leistet damit einen Beitrag zum Natur- und Artenschutz.<\/p>\n","protected":false},"featured_media":49853,"comment_status":"closed","ping_status":"open","template":"","meta":[],"product_cat":[15280],"product_tag":[],"class_list":{"0":"post-49852","1":"product","2":"type-product","3":"status-publish","4":"has-post-thumbnail","6":"product_cat-neue-katzenartikel-bis-175-cmkatzenwelt","8":"first","9":"instock","10":"taxable","11":"shipping-taxable","12":"purchasable","13":"product-type-simple"},"_links":{"self":[{"href":"https:\/\/all-pets.de\/shop\/wp-json\/wp\/v2\/product\/49852","targetHints":{"allow":["GET"]}}],"collection":[{"href":"https:\/\/all-pets.de\/shop\/wp-json\/wp\/v2\/product"}],"about":[{"href":"https:\/\/all-pets.de\/shop\/wp-json\/wp\/v2\/types\/product"}],"replies":[{"embeddable":true,"href":"https:\/\/all-pets.de\/shop\/wp-json\/wp\/v2\/comments?post=49852"}],"wp:featuredmedia":[{"embeddable":true,"href":"https:\/\/all-pets.de\/shop\/wp-json\/wp\/v2\/media\/49853"}],"wp:attachment":[{"href":"https:\/\/all-pets.de\/shop\/wp-json\/wp\/v2\/media?parent=49852"}],"wp:term":[{"taxonomy":"product_cat","embeddable":true,"href":"https:\/\/all-pets.de\/shop\/wp-json\/wp\/v2\/product_cat?post=49852"},{"taxonomy":"product_tag","embeddable":true,"href":"https:\/\/all-pets.de\/shop\/wp-json\/wp\/v2\/product_tag?post=49852"}],"curies":[{"name":"wp","href":"https:\/\/api.w.org\/{rel}","templated":true}]}}