{"id":49863,"date":"2023-12-12T12:32:46","date_gmt":"2023-12-12T11:32:46","guid":{"rendered":"https:\/\/pet-shopping.de\/shop\/produkt\/pfiffikus-fettfutter-10kg\/"},"modified":"2023-12-12T12:32:47","modified_gmt":"2023-12-12T11:32:47","slug":"pfiffikus-fettfutter-10kg","status":"publish","type":"product","link":"https:\/\/all-pets.de\/shop\/produkt\/pfiffikus-fettfutter-10kg\/","title":{"rendered":"Pfiffikus Fettfutter 10kg"},"content":{"rendered":"<p>Das Fettfutter ist eine spezielle Futtermischung f\u00fcr Wildv\u00f6gel, die besonders fettreich und somit energiebringend ist. Die besondere Fettfuttermischung beinhaltet viele H\u00fclsenfr\u00fcchte, die gern von K\u00f6rnerfressern wie Dompfaff, Gr\u00fcnfink und Spatz gefressen wird. <\/p>\n<p>Zusammensetzung:<\/p>\n<p>Getreideflocken, N\u00fcsse, Fr\u00fcchte, Saaten, \u00d6le und Fette<\/p>\n","protected":false},"excerpt":{"rendered":"<p>Das Fettfutter ist eine spezielle Futtermischung f\u00fcr Wildv\u00f6gel, die besonders fettreich und somit energiebringend ist. Die besondere Fettfuttermischung beinhaltet viele H\u00fclsenfr\u00fcchte, die gern von K\u00f6rnerfressern wie Dompfaff, Gr\u00fcnfink und Spatz gefressen wird. Zusammensetzung: Getreideflocken, N\u00fcsse, Fr\u00fcchte, Saaten, \u00d6le und Fette<\/p>\n","protected":false},"featured_media":49864,"comment_status":"closed","ping_status":"open","template":"","meta":[],"product_cat":[15284],"product_tag":[],"class_list":{"0":"post-49863","1":"product","2":"type-product","3":"status-publish","4":"has-post-thumbnail","6":"product_cat-winterfett","8":"first","9":"instock","10":"taxable","11":"shipping-taxable","12":"purchasable","13":"product-type-simple"},"_links":{"self":[{"href":"https:\/\/all-pets.de\/shop\/wp-json\/wp\/v2\/product\/49863","targetHints":{"allow":["GET"]}}],"collection":[{"href":"https:\/\/all-pets.de\/shop\/wp-json\/wp\/v2\/product"}],"about":[{"href":"https:\/\/all-pets.de\/shop\/wp-json\/wp\/v2\/types\/product"}],"replies":[{"embeddable":true,"href":"https:\/\/all-pets.de\/shop\/wp-json\/wp\/v2\/comments?post=49863"}],"wp:featuredmedia":[{"embeddable":true,"href":"https:\/\/all-pets.de\/shop\/wp-json\/wp\/v2\/media\/49864"}],"wp:attachment":[{"href":"https:\/\/all-pets.de\/shop\/wp-json\/wp\/v2\/media?parent=49863"}],"wp:term":[{"taxonomy":"product_cat","embeddable":true,"href":"https:\/\/all-pets.de\/shop\/wp-json\/wp\/v2\/product_cat?post=49863"},{"taxonomy":"product_tag","embeddable":true,"href":"https:\/\/all-pets.de\/shop\/wp-json\/wp\/v2\/product_tag?post=49863"}],"curies":[{"name":"wp","href":"https:\/\/api.w.org\/{rel}","templated":true}]}}